{"id":14857,"date":"2025-10-03T13:18:12","date_gmt":"2025-10-03T11:18:12","guid":{"rendered":"https:\/\/www.conigon.com\/ressources\/"},"modified":"2025-11-16T20:24:13","modified_gmt":"2025-11-16T19:24:13","slug":"ressources","status":"publish","type":"page","link":"https:\/\/www.conigon.com\/fr\/ressources\/","title":{"rendered":"Ressources"},"content":{"rendered":"\t\t<div data-elementor-type=\"wp-page\" data-elementor-id=\"14857\" class=\"elementor elementor-14857 elementor-14806\">\n\t\t\t\t\t\t\t\t\t<section class=\"elementor-section elementor-top-section elementor-element elementor-element-c4c10b5 elementor-section-boxed elementor-section-height-default elementor-section-height-default wpr-particle-no wpr-jarallax-no wpr-parallax-no wpr-sticky-section-no\" data-id=\"c4c10b5\" data-element_type=\"section\">\n\t\t\t\t\t\t<div class=\"elementor-container elementor-column-gap-default\">\n\t\t\t\t\t<div class=\"elementor-column elementor-col-100 elementor-top-column elementor-element elementor-element-cbb5290\" data-id=\"cbb5290\" data-element_type=\"column\">\n\t\t\t<div class=\"elementor-widget-wrap elementor-element-populated\">\n\t\t\t\t\t\t\t\t<div class=\"elementor-element elementor-element-41bd87d elementor-widget elementor-widget-section_title\" data-id=\"41bd87d\" data-element_type=\"widget\" data-widget_type=\"section_title.default\">\n\t\t\t\t<div class=\"elementor-widget-container\">\n\t\t\t\r\n\r\n\r\n\r\n<div class=\"pt-section-title-box text-center\">   \r\n   \t\t<span class=\"pt-section-sub-title\">Ressources<\/span>     \t<h2 class=\"pt-section-title\">En savoir plus sur l&#039;ADIB<\/h2>     \t<p class=\"pt-section-description\">   \r\n<\/div>\t\t<\/div>\n\t\t\t\t<\/div>\n\t\t\t\t<div class=\"elementor-element elementor-element-bba2d64 elementor-widget elementor-widget-fancybox\" data-id=\"bba2d64\" data-element_type=\"widget\" data-widget_type=\"fancybox.default\">\n\t\t\t\t<div class=\"elementor-widget-container\">\n\t\t\t<div class=\" pt-fancy-box-slider pt-fancy-box-slider-1\">\r\n    <div class=\"owl-carousel\" data-dots=\"true\" data-nav=\"true\" data-desk_num=\"2\" data-lap_num=\"2\" data-tab_num=\"2\" data-mob_num=\"1\" data-mob_sm=\"1\" data-autoplay=\"true\" data-loop=\"true\" data-margin=\"30\">\r\n                        <div class=\"pt-fancybox-box\">\r\n                                                <div class=\"pt-fancy-info\">\r\n                             <h5 class=\"pt-fancy-title\">Optimisez votre succ\u00e8s gr\u00e2ce aux solutions e-commerce int\u00e9gr\u00e9es de CONIGON<\/h5>                            <p class=\"pt-fancybox-description\"><p>.<\/p>                        <\/div>\r\n                      <div class=\"pt-btn-container\">\r\n                        <div class=\"pt-button-block\">\r\n                            <a class=\"pt-button pt-btn-flat\" href=\"https:\/\/www.conigon.com\/wp-content\/uploads\/2025\/11\/onepager_portfolio_FR.pdf\" target=\"_blank\">\r\n                                <span class=\"text\">Download<\/span>\r\n                                                                <span class=\"pt-button-line-left\"><\/span>\r\n\r\n                            <\/a>\r\n                        <\/div>\r\n                     <\/div>\r\n                <\/div>\r\n                                <div class=\"pt-fancybox-box\">\r\n                                                <div class=\"pt-fancy-info\">\r\n                             <h5 class=\"pt-fancy-title\">Gestion structur\u00e9e des donn\u00e9es produits avec les portails CONIGON ADIB<\/h5>                            <p class=\"pt-fancybox-description\"><p>Aller-retour Excel contr\u00f4l\u00e9 pour la qualit\u00e9, l&#8217;efficacit\u00e9 et la gouvernance.<\/p>                        <\/div>\r\n                      <div class=\"pt-btn-container\">\r\n                        <div class=\"pt-button-block\">\r\n                            <a class=\"pt-button pt-btn-flat\" href=\"https:\/\/www.conigon.com\/wp-content\/uploads\/2025\/10\/whitepaper-ADIB-Portals_fr.pdf\" target=\"_blank\">\r\n                                <span class=\"text\">Download<\/span>\r\n                                                                <span class=\"pt-button-line-left\"><\/span>\r\n\r\n                            <\/a>\r\n                        <\/div>\r\n                     <\/div>\r\n                <\/div>\r\n                                <div class=\"pt-fancybox-box\">\r\n                                                <div class=\"pt-fancy-info\">\r\n                             <h5 class=\"pt-fancy-title\">L'omnicanal commence par les donn\u00e9es produit<\/h5>                            <p class=\"pt-fancybox-description\"><p>ADIB comme base pour des contenus coh\u00e9rents et des canaux fluides.<\/p>                        <\/div>\r\n                      <div class=\"pt-btn-container\">\r\n                        <div class=\"pt-button-block\">\r\n                            <a class=\"pt-button pt-btn-flat\" href=\"https:\/\/www.conigon.com\/wp-content\/uploads\/2025\/11\/whitepaper_omnichannel_FR.pdf\" target=\"_blank\" rel=\"nofollow\">\r\n                                <span class=\"text\">Download<\/span>\r\n                                                                <span class=\"pt-button-line-left\"><\/span>\r\n\r\n                            <\/a>\r\n                        <\/div>\r\n                     <\/div>\r\n                <\/div>\r\n                    <\/div>\r\n<\/div>\r\n\r\n\r\n\t\t<\/div>\n\t\t\t\t<\/div>\n\t\t\t\t\t<\/div>\n\t\t<\/div>\n\t\t\t\t\t\t\t<\/div>\n\t\t<\/section>\n\t\t\t\t\t\t\t<\/div>\n\t\t","protected":false},"excerpt":{"rendered":"<p>Ressources En savoir plus sur l&#039;ADIB Optimisez votre succ\u00e8s gr\u00e2ce aux solutions e-commerce int\u00e9gr\u00e9es de CONIGON . Download Gestion structur\u00e9e des donn\u00e9es produits avec les portails CONIGON ADIB Aller-retour Excel contr\u00f4l\u00e9 pour la qualit\u00e9, l&#8217;efficacit\u00e9 et la gouvernance. Download L&#8217;omnicanal commence par les donn\u00e9es produit ADIB comme base pour des contenus coh\u00e9rents et des canaux fluides. Download<\/p>\n","protected":false},"author":2,"featured_media":0,"parent":0,"menu_order":0,"comment_status":"closed","ping_status":"closed","template":"","meta":{"_monsterinsights_skip_tracking":false,"_monsterinsights_sitenote_active":false,"_monsterinsights_sitenote_note":"","_monsterinsights_sitenote_category":0,"footnotes":""},"class_list":["post-14857","page","type-page","status-publish","hentry"],"acf":[],"yoast_head":"<!-- This site is optimized with the Yoast SEO plugin v25.4 - https:\/\/yoast.com\/wordpress\/plugins\/seo\/ -->\n<title>Ressources - Conigon<\/title>\n<meta name=\"description\" content=\"Ressources En savoir plus sur l&#039;ADIB Optimisez votre succ\u00e8s gr\u00e2ce aux solutions e-commerce int\u00e9gr\u00e9es de CONIGON . Download Gestion structur\u00e9e des\" \/>\n<meta name=\"robots\" content=\"index, follow, max-snippet:-1, max-image-preview:large, max-video-preview:-1\" \/>\n<link rel=\"canonical\" href=\"https:\/\/www.conigon.com\/fr\/ressources\/\" \/>\n<meta property=\"og:locale\" content=\"fr_FR\" \/>\n<meta property=\"og:type\" content=\"article\" \/>\n<meta property=\"og:title\" content=\"Ressources - Conigon\" \/>\n<meta property=\"og:description\" content=\"Ressources En savoir plus sur l&#039;ADIB Optimisez votre succ\u00e8s gr\u00e2ce aux solutions e-commerce int\u00e9gr\u00e9es de CONIGON . Download Gestion structur\u00e9e des\" \/>\n<meta property=\"og:url\" content=\"https:\/\/www.conigon.com\/fr\/ressources\/\" \/>\n<meta property=\"og:site_name\" content=\"Conigon\" \/>\n<meta property=\"article:modified_time\" content=\"2025-11-16T19:24:13+00:00\" \/>\n<meta property=\"og:image\" content=\"https:\/\/www.conigon.com\/wp-content\/uploads\/2022\/01\/favicon_conigon.png\" \/>\n\t<meta property=\"og:image:width\" content=\"377\" \/>\n\t<meta property=\"og:image:height\" content=\"377\" \/>\n\t<meta property=\"og:image:type\" content=\"image\/png\" \/>\n<meta name=\"twitter:card\" content=\"summary_large_image\" \/>\n<meta name=\"twitter:label1\" content=\"Dur\u00e9e de lecture estim\u00e9e\" \/>\n\t<meta name=\"twitter:data1\" content=\"1 minute\" \/>\n<script type=\"application\/ld+json\" class=\"yoast-schema-graph\">{\"@context\":\"https:\/\/schema.org\",\"@graph\":[{\"@type\":\"WebPage\",\"@id\":\"https:\/\/www.conigon.com\/fr\/ressources\/\",\"url\":\"https:\/\/www.conigon.com\/fr\/ressources\/\",\"name\":\"Ressources - Conigon\",\"isPartOf\":{\"@id\":\"https:\/\/www.conigon.com\/fr\/#website\"},\"datePublished\":\"2025-10-03T11:18:12+00:00\",\"dateModified\":\"2025-11-16T19:24:13+00:00\",\"description\":\"Ressources En savoir plus sur l&#039;ADIB Optimisez votre succ\u00e8s gr\u00e2ce aux solutions e-commerce int\u00e9gr\u00e9es de CONIGON . Download Gestion structur\u00e9e des\",\"breadcrumb\":{\"@id\":\"https:\/\/www.conigon.com\/fr\/ressources\/#breadcrumb\"},\"inLanguage\":\"fr-FR\",\"potentialAction\":[{\"@type\":\"ReadAction\",\"target\":[\"https:\/\/www.conigon.com\/fr\/ressources\/\"]}]},{\"@type\":\"BreadcrumbList\",\"@id\":\"https:\/\/www.conigon.com\/fr\/ressources\/#breadcrumb\",\"itemListElement\":[{\"@type\":\"ListItem\",\"position\":1,\"name\":\"Startseite\",\"item\":\"https:\/\/www.conigon.com\/fr\/\"},{\"@type\":\"ListItem\",\"position\":2,\"name\":\"Ressources\"}]},{\"@type\":\"WebSite\",\"@id\":\"https:\/\/www.conigon.com\/fr\/#website\",\"url\":\"https:\/\/www.conigon.com\/fr\/\",\"name\":\"Conigon\",\"description\":\"Solutions eCommerce innovantes et \u00e0 la pointe de la technologie\u200c \u200c\",\"publisher\":{\"@id\":\"https:\/\/www.conigon.com\/fr\/#organization\"},\"alternateName\":\"Conigon GmbH\",\"potentialAction\":[{\"@type\":\"SearchAction\",\"target\":{\"@type\":\"EntryPoint\",\"urlTemplate\":\"https:\/\/www.conigon.com\/fr\/?s={search_term_string}\"},\"query-input\":{\"@type\":\"PropertyValueSpecification\",\"valueRequired\":true,\"valueName\":\"search_term_string\"}}],\"inLanguage\":\"fr-FR\"},{\"@type\":\"Organization\",\"@id\":\"https:\/\/www.conigon.com\/fr\/#organization\",\"name\":\"Conigon GmbH\",\"alternateName\":\"Conigon\",\"url\":\"https:\/\/www.conigon.com\/fr\/\",\"logo\":{\"@type\":\"ImageObject\",\"inLanguage\":\"fr-FR\",\"@id\":\"https:\/\/www.conigon.com\/fr\/#\/schema\/logo\/image\/\",\"url\":\"https:\/\/www.conigon.com\/wp-content\/uploads\/2022\/01\/favicon_conigon.png\",\"contentUrl\":\"https:\/\/www.conigon.com\/wp-content\/uploads\/2022\/01\/favicon_conigon.png\",\"width\":377,\"height\":377,\"caption\":\"Conigon GmbH\"},\"image\":{\"@id\":\"https:\/\/www.conigon.com\/fr\/#\/schema\/logo\/image\/\"},\"sameAs\":[\"https:\/\/de.linkedin.com\/company\/conigon-gmbh\"]}]}<\/script>\n<!-- \/ Yoast SEO plugin. -->","yoast_head_json":{"title":"Ressources - Conigon","description":"Ressources En savoir plus sur l&#039;ADIB Optimisez votre succ\u00e8s gr\u00e2ce aux solutions e-commerce int\u00e9gr\u00e9es de CONIGON . Download Gestion structur\u00e9e des","robots":{"index":"index","follow":"follow","max-snippet":"max-snippet:-1","max-image-preview":"max-image-preview:large","max-video-preview":"max-video-preview:-1"},"canonical":"https:\/\/www.conigon.com\/fr\/ressources\/","og_locale":"fr_FR","og_type":"article","og_title":"Ressources - Conigon","og_description":"Ressources En savoir plus sur l&#039;ADIB Optimisez votre succ\u00e8s gr\u00e2ce aux solutions e-commerce int\u00e9gr\u00e9es de CONIGON . Download Gestion structur\u00e9e des","og_url":"https:\/\/www.conigon.com\/fr\/ressources\/","og_site_name":"Conigon","article_modified_time":"2025-11-16T19:24:13+00:00","og_image":[{"width":377,"height":377,"url":"https:\/\/www.conigon.com\/wp-content\/uploads\/2022\/01\/favicon_conigon.png","type":"image\/png"}],"twitter_card":"summary_large_image","twitter_misc":{"Dur\u00e9e de lecture estim\u00e9e":"1 minute"},"schema":{"@context":"https:\/\/schema.org","@graph":[{"@type":"WebPage","@id":"https:\/\/www.conigon.com\/fr\/ressources\/","url":"https:\/\/www.conigon.com\/fr\/ressources\/","name":"Ressources - Conigon","isPartOf":{"@id":"https:\/\/www.conigon.com\/fr\/#website"},"datePublished":"2025-10-03T11:18:12+00:00","dateModified":"2025-11-16T19:24:13+00:00","description":"Ressources En savoir plus sur l&#039;ADIB Optimisez votre succ\u00e8s gr\u00e2ce aux solutions e-commerce int\u00e9gr\u00e9es de CONIGON . Download Gestion structur\u00e9e des","breadcrumb":{"@id":"https:\/\/www.conigon.com\/fr\/ressources\/#breadcrumb"},"inLanguage":"fr-FR","potentialAction":[{"@type":"ReadAction","target":["https:\/\/www.conigon.com\/fr\/ressources\/"]}]},{"@type":"BreadcrumbList","@id":"https:\/\/www.conigon.com\/fr\/ressources\/#breadcrumb","itemListElement":[{"@type":"ListItem","position":1,"name":"Startseite","item":"https:\/\/www.conigon.com\/fr\/"},{"@type":"ListItem","position":2,"name":"Ressources"}]},{"@type":"WebSite","@id":"https:\/\/www.conigon.com\/fr\/#website","url":"https:\/\/www.conigon.com\/fr\/","name":"Conigon","description":"Solutions eCommerce innovantes et \u00e0 la pointe de la technologie\u200c \u200c","publisher":{"@id":"https:\/\/www.conigon.com\/fr\/#organization"},"alternateName":"Conigon GmbH","potentialAction":[{"@type":"SearchAction","target":{"@type":"EntryPoint","urlTemplate":"https:\/\/www.conigon.com\/fr\/?s={search_term_string}"},"query-input":{"@type":"PropertyValueSpecification","valueRequired":true,"valueName":"search_term_string"}}],"inLanguage":"fr-FR"},{"@type":"Organization","@id":"https:\/\/www.conigon.com\/fr\/#organization","name":"Conigon GmbH","alternateName":"Conigon","url":"https:\/\/www.conigon.com\/fr\/","logo":{"@type":"ImageObject","inLanguage":"fr-FR","@id":"https:\/\/www.conigon.com\/fr\/#\/schema\/logo\/image\/","url":"https:\/\/www.conigon.com\/wp-content\/uploads\/2022\/01\/favicon_conigon.png","contentUrl":"https:\/\/www.conigon.com\/wp-content\/uploads\/2022\/01\/favicon_conigon.png","width":377,"height":377,"caption":"Conigon GmbH"},"image":{"@id":"https:\/\/www.conigon.com\/fr\/#\/schema\/logo\/image\/"},"sameAs":["https:\/\/de.linkedin.com\/company\/conigon-gmbh"]}]}},"_links":{"self":[{"href":"https:\/\/www.conigon.com\/fr\/wp-json\/wp\/v2\/pages\/14857","targetHints":{"allow":["GET"]}}],"collection":[{"href":"https:\/\/www.conigon.com\/fr\/wp-json\/wp\/v2\/pages"}],"about":[{"href":"https:\/\/www.conigon.com\/fr\/wp-json\/wp\/v2\/types\/page"}],"author":[{"embeddable":true,"href":"https:\/\/www.conigon.com\/fr\/wp-json\/wp\/v2\/users\/2"}],"replies":[{"embeddable":true,"href":"https:\/\/www.conigon.com\/fr\/wp-json\/wp\/v2\/comments?post=14857"}],"version-history":[{"count":15,"href":"https:\/\/www.conigon.com\/fr\/wp-json\/wp\/v2\/pages\/14857\/revisions"}],"predecessor-version":[{"id":14935,"href":"https:\/\/www.conigon.com\/fr\/wp-json\/wp\/v2\/pages\/14857\/revisions\/14935"}],"wp:attachment":[{"href":"https:\/\/www.conigon.com\/fr\/wp-json\/wp\/v2\/media?parent=14857"}],"curies":[{"name":"wp","href":"https:\/\/api.w.org\/{rel}","templated":true}]}}