{"id":13582,"date":"2025-01-16T19:46:40","date_gmt":"2025-01-16T18:46:40","guid":{"rendered":"https:\/\/www.conigon.com\/carriere\/etudiants\/"},"modified":"2025-02-07T12:06:31","modified_gmt":"2025-02-07T11:06:31","slug":"etudiants","status":"publish","type":"page","link":"https:\/\/www.conigon.com\/fr\/carriere\/etudiants\/","title":{"rendered":"\u00c9tudiants"},"content":{"rendered":"\t\t<div data-elementor-type=\"wp-page\" data-elementor-id=\"13582\" class=\"elementor elementor-13582 elementor-12946\">\n\t\t\t\t\t\t\t\t\t<section class=\"elementor-section elementor-top-section elementor-element elementor-element-f11de19 elementor-section-stretched elementor-section-boxed elementor-section-height-default elementor-section-height-default wpr-particle-no wpr-jarallax-no wpr-parallax-no wpr-sticky-section-no\" data-id=\"f11de19\" data-element_type=\"section\" data-settings=\"{&quot;stretch_section&quot;:&quot;section-stretched&quot;}\">\n\t\t\t\t\t\t<div class=\"elementor-container elementor-column-gap-default\">\n\t\t\t\t\t<div class=\"elementor-column elementor-col-100 elementor-top-column elementor-element elementor-element-62fd284\" data-id=\"62fd284\" data-element_type=\"column\">\n\t\t\t<div class=\"elementor-widget-wrap elementor-element-populated\">\n\t\t\t\t\t\t\t\t<div class=\"elementor-element elementor-element-0997a26 elementor-widget elementor-widget-section_title\" data-id=\"0997a26\" data-element_type=\"widget\" data-widget_type=\"section_title.default\">\n\t\t\t\t<div class=\"elementor-widget-container\">\n\t\t\t\r\n\r\n\r\n\r\n<div class=\"pt-section-title-box \">   \r\n   \t\t<span class=\"pt-section-sub-title\"><\/span>     \t<h3 class=\"pt-section-title\">M\u00e9moires de bachelor \/ master \/ \u00e9tudiants salari\u00e9s (h\/f\/d)<\/h3>     \t<p class=\"pt-section-description\"><h6>Conception et impl\u00e9mentation d&#8217;\u00e9l\u00e9ments pour une transaction utilisateur guid\u00e9e et une utilisation intuitive pour une application web innovante (\u00ab ADIB \u00bb) dans l&#8217;environnement \u00ab Enterprise Service Bus \u00bb.<\/h6>\n<p>\u00ab Nous simplifions les choses compliqu\u00e9es \u00bb. &#8212; C&#8217;est l&#8217;id\u00e9e de base pour le d\u00e9veloppement de l&#8217;ADIB (\u00ab Application &amp; Data Integration Bus \u00bb) &#8211; une solution pour l&#8217;int\u00e9gration de donn\u00e9es provenant de diff\u00e9rentes applications (bases de donn\u00e9es de produits, syst\u00e8mes ERP, eShop, site web, etc.) La particularit\u00e9 de l&#8217;ADIB est la configuration de connexions de donn\u00e9es sans connaissances en programmation.<br \/>\nL&#8217;objectif de ce travail est de simplifier encore l&#8217;utilisation de l&#8217;application gr\u00e2ce \u00e0 des proc\u00e9d\u00e9s modernes d&#8217;interaction avec l&#8217;utilisateur &#8211; et de mieux guider ce dernier. <\/p>\n   \r\n<\/div>\t\t<\/div>\n\t\t\t\t<\/div>\n\t\t\t\t<div class=\"elementor-element elementor-element-c0818a3 elementor-widget-divider--view-line elementor-invisible elementor-widget elementor-widget-divider\" data-id=\"c0818a3\" data-element_type=\"widget\" data-settings=\"{&quot;_animation&quot;:&quot;fadeIn&quot;}\" data-widget_type=\"divider.default\">\n\t\t\t\t<div class=\"elementor-widget-container\">\n\t\t\t<style>\/*! elementor - v3.17.0 - 08-11-2023 *\/\n.elementor-widget-divider{--divider-border-style:none;--divider-border-width:1px;--divider-color:#0c0d0e;--divider-icon-size:20px;--divider-element-spacing:10px;--divider-pattern-height:24px;--divider-pattern-size:20px;--divider-pattern-url:none;--divider-pattern-repeat:repeat-x}.elementor-widget-divider .elementor-divider{display:flex}.elementor-widget-divider .elementor-divider__text{font-size:15px;line-height:1;max-width:95%}.elementor-widget-divider .elementor-divider__element{margin:0 var(--divider-element-spacing);flex-shrink:0}.elementor-widget-divider .elementor-icon{font-size:var(--divider-icon-size)}.elementor-widget-divider .elementor-divider-separator{display:flex;margin:0;direction:ltr}.elementor-widget-divider--view-line_icon .elementor-divider-separator,.elementor-widget-divider--view-line_text .elementor-divider-separator{align-items:center}.elementor-widget-divider--view-line_icon .elementor-divider-separator:after,.elementor-widget-divider--view-line_icon .elementor-divider-separator:before,.elementor-widget-divider--view-line_text .elementor-divider-separator:after,.elementor-widget-divider--view-line_text .elementor-divider-separator:before{display:block;content:\"\";border-bottom:0;flex-grow:1;border-top:var(--divider-border-width) var(--divider-border-style) var(--divider-color)}.elementor-widget-divider--element-align-left .elementor-divider .elementor-divider-separator>.elementor-divider__svg:first-of-type{flex-grow:0;flex-shrink:100}.elementor-widget-divider--element-align-left .elementor-divider-separator:before{content:none}.elementor-widget-divider--element-align-left .elementor-divider__element{margin-left:0}.elementor-widget-divider--element-align-right .elementor-divider .elementor-divider-separator>.elementor-divider__svg:last-of-type{flex-grow:0;flex-shrink:100}.elementor-widget-divider--element-align-right .elementor-divider-separator:after{content:none}.elementor-widget-divider--element-align-right .elementor-divider__element{margin-right:0}.elementor-widget-divider:not(.elementor-widget-divider--view-line_text):not(.elementor-widget-divider--view-line_icon) .elementor-divider-separator{border-top:var(--divider-border-width) var(--divider-border-style) var(--divider-color)}.elementor-widget-divider--separator-type-pattern{--divider-border-style:none}.elementor-widget-divider--separator-type-pattern.elementor-widget-divider--view-line .elementor-divider-separator,.elementor-widget-divider--separator-type-pattern:not(.elementor-widget-divider--view-line) .elementor-divider-separator:after,.elementor-widget-divider--separator-type-pattern:not(.elementor-widget-divider--view-line) .elementor-divider-separator:before,.elementor-widget-divider--separator-type-pattern:not([class*=elementor-widget-divider--view]) .elementor-divider-separator{width:100%;min-height:var(--divider-pattern-height);-webkit-mask-size:var(--divider-pattern-size) 100%;mask-size:var(--divider-pattern-size) 100%;-webkit-mask-repeat:var(--divider-pattern-repeat);mask-repeat:var(--divider-pattern-repeat);background-color:var(--divider-color);-webkit-mask-image:var(--divider-pattern-url);mask-image:var(--divider-pattern-url)}.elementor-widget-divider--no-spacing{--divider-pattern-size:auto}.elementor-widget-divider--bg-round{--divider-pattern-repeat:round}.rtl .elementor-widget-divider .elementor-divider__text{direction:rtl}.e-con-inner>.elementor-widget-divider,.e-con>.elementor-widget-divider{width:var(--container-widget-width,100%);--flex-grow:var(--container-widget-flex-grow)}<\/style>\t\t<div class=\"elementor-divider\">\n\t\t\t<span class=\"elementor-divider-separator\">\n\t\t\t\t\t\t<\/span>\n\t\t<\/div>\n\t\t\t\t<\/div>\n\t\t\t\t<\/div>\n\t\t\t\t<div class=\"elementor-element elementor-element-6640d86 elementor-widget elementor-widget-section_title\" data-id=\"6640d86\" data-element_type=\"widget\" data-widget_type=\"section_title.default\">\n\t\t\t\t<div class=\"elementor-widget-container\">\n\t\t\t\r\n\r\n\r\n\r\n<div class=\"pt-section-title-box \">   \r\n   \t\t     \t<h5 class=\"pt-section-title\">TU<\/h5>     \t<p class=\"pt-section-description\"><ul>\n<li>veux grandir avec une start-up dynamique.<\/li>\n<li>aime les d\u00e9fis.<\/li>\n<li>veux cr\u00e9er &#8211; et non pas g\u00e9rer.<\/li>\n<li>te sens capable d&#8217;assumer la responsabilit\u00e9 de tes th\u00e8mes.<\/li>\n<li>veux continuer \u00e0 te d\u00e9velopper.<\/li>\n<li>tu es int\u00e9ress\u00e9e par un travail de bachelor ou de master passionnant et r\u00e9mun\u00e9r\u00e9<br \/>ou par un poste d&#8217;\u00e9tudiant salari\u00e9.<\/li>\n<\/ul>\n   \r\n<\/div>\t\t<\/div>\n\t\t\t\t<\/div>\n\t\t\t\t<div class=\"elementor-element elementor-element-c6da267 elementor-widget elementor-widget-section_title\" data-id=\"c6da267\" data-element_type=\"widget\" data-widget_type=\"section_title.default\">\n\t\t\t\t<div class=\"elementor-widget-container\">\n\t\t\t\r\n\r\n\r\n\r\n<div class=\"pt-section-title-box \">   \r\n   \t\t     \t<h5 class=\"pt-section-title\">NOUS<\/h5>     \t<p class=\"pt-section-description\"><ul>\n<li>sommes la soci\u00e9t\u00e9 Conigon GmbH, dont le si\u00e8ge est \u00e0 Dillingen\/ Sarre, avec la filiale Conigon France SAS, dont le si\u00e8ge est \u00e0 Metz.<\/li>\n<li>sommes actifs dans le domaine du d\u00e9veloppement, du conseil et de l&#8217;impl\u00e9mentation de logiciels d&#8217;entreprise<br \/>dans l&#8217;environnement PIM\/DAM, eShop et syst\u00e8mes de gestion de contenu.<\/li>\n<li>avons d\u00e9velopp\u00e9 une solution innovante d'&#8221;Application &amp; Data Integration&#8221; (ADIB).<\/li>\n<li>travaillons pour des clients de renom en Allemagne, en France, au Benelux et en Suisse.<\/li>\n<li>te proposons des mod\u00e8les de travail flexibles et le home-office.<\/li>\n<\/ul>\n   \r\n<\/div>\t\t<\/div>\n\t\t\t\t<\/div>\n\t\t\t\t<div class=\"elementor-element elementor-element-63bf082 elementor-widget-divider--view-line elementor-widget elementor-widget-divider\" data-id=\"63bf082\" data-element_type=\"widget\" data-widget_type=\"divider.default\">\n\t\t\t\t<div class=\"elementor-widget-container\">\n\t\t\t\t\t<div class=\"elementor-divider\">\n\t\t\t<span class=\"elementor-divider-separator\">\n\t\t\t\t\t\t<\/span>\n\t\t<\/div>\n\t\t\t\t<\/div>\n\t\t\t\t<\/div>\n\t\t\t\t<div class=\"elementor-element elementor-element-137671c elementor-widget elementor-widget-section_title\" data-id=\"137671c\" data-element_type=\"widget\" data-widget_type=\"section_title.default\">\n\t\t\t\t<div class=\"elementor-widget-container\">\n\t\t\t\r\n\r\n\r\n\r\n<div class=\"pt-section-title-box \">   \r\n   \t\t     \t<h5 class=\"pt-section-title\">Tes t\u00e2ches comprennent<\/h5>     \t<p class=\"pt-section-description\"><ul>\n<li>Conception d&#8217;\u00e9l\u00e9ments GUI (\u00ab graphical user interface \u00bb) et de flux d&#8217;informations<\/li>\n<li>Utilisation de \/ d\u00e9veloppement avec des biblioth\u00e8ques \/ frameworks modernes<br \/>(PHP : Laravel | JavaScript : React | GUI : Bootstrap ou Material UI)<\/li>\n<\/ul>\n   \r\n<\/div>\t\t<\/div>\n\t\t\t\t<\/div>\n\t\t\t\t<div class=\"elementor-element elementor-element-6f5195f elementor-widget elementor-widget-section_title\" data-id=\"6f5195f\" data-element_type=\"widget\" data-widget_type=\"section_title.default\">\n\t\t\t\t<div class=\"elementor-widget-container\">\n\t\t\t\r\n\r\n\r\n\r\n<div class=\"pt-section-title-box \">   \r\n   \t\t     \t<h5 class=\"pt-section-title\">Ton profil<\/h5>     \t<p class=\"pt-section-description\"><ul>\n<li>\u00c9tudes avanc\u00e9es dans le domaine de l&#8217;informatique, de l&#8217;informatique de gestion ou dans un domaine comparable<\/li>\n<li>Int\u00e9r\u00eat et compr\u00e9hension des applications web, de l&#8217;interface utilisateur graphique et de l&#8217;utilisabilit\u00e9<\/li>\n<li>Des connaissances en programmation PHP et JavaScript sont un avantage<\/li>\n<li>Aimer d\u00e9velopper des logiciels innovants avec des approches flexibles.<\/li>\n<li>Bonne connaissance de l&#8217;anglais<\/li>\n<\/ul>\n   \r\n<\/div>\t\t<\/div>\n\t\t\t\t<\/div>\n\t\t\t\t<div class=\"elementor-element elementor-element-3502ce9 elementor-invisible elementor-widget elementor-widget-Button\" data-id=\"3502ce9\" data-element_type=\"widget\" data-settings=\"{&quot;_animation&quot;:&quot;fadeInUp&quot;}\" data-widget_type=\"Button.default\">\n\t\t\t\t<div class=\"elementor-widget-container\">\n\t\t\t<div class=\"pt-btn-container\">\r\n    <div class=\"pt-button-block\">\r\n\t\t\t<a class=\"pt-button pt-btn-flat\" href=\"mailto:bewerbung@conigon.com\">\r\n\r\n\t\t\t<span class=\"text\">Appliquer maintenant<\/span>\r\n            <span class=\"pt-button-line-left\"><\/span>\r\n\t\t\t<\/a>\r\n    <\/div>  \r\n\r\n<\/div>\r\n\t\t<\/div>\n\t\t\t\t<\/div>\n\t\t\t\t\t<\/div>\n\t\t<\/div>\n\t\t\t\t\t\t\t<\/div>\n\t\t<\/section>\n\t\t\t\t\t\t\t<\/div>\n\t\t","protected":false},"excerpt":{"rendered":"<p>M\u00e9moires de bachelor \/ master \/ \u00e9tudiants salari\u00e9s (h\/f\/d) Conception et impl\u00e9mentation d&#8217;\u00e9l\u00e9ments pour une transaction utilisateur guid\u00e9e et une utilisation intuitive pour une application web innovante (\u00ab ADIB \u00bb) dans l&#8217;environnement \u00ab Enterprise Service Bus \u00bb. \u00ab Nous simplifions les choses compliqu\u00e9es \u00bb. &#8212; C&#8217;est l&#8217;id\u00e9e de base pour le d\u00e9veloppement de l&#8217;ADIB (\u00ab Application &amp; Data Integration Bus \u00bb) &#8211; une solution pour l&#8217;int\u00e9gration de donn\u00e9es provenant de diff\u00e9rentes applications (bases de donn\u00e9es de produits, syst\u00e8mes ERP, eShop, site web, etc.) La particularit\u00e9 de l&#8217;ADIB est la configuration de connexions de donn\u00e9es sans connaissances en programmation. L&#8217;objectif de ce travail est de simplifier encore l&#8217;utilisation de l&#8217;application gr\u00e2ce \u00e0 des proc\u00e9d\u00e9s modernes d&#8217;interaction avec l&#8217;utilisateur &#8211; et de mieux guider ce dernier. TU veux grandir avec une start-up dynamique. aime les d\u00e9fis. veux cr\u00e9er &#8211; et non pas g\u00e9rer. te sens capable d&#8217;assumer la responsabilit\u00e9 de tes th\u00e8mes. veux continuer \u00e0 te d\u00e9velopper. tu es int\u00e9ress\u00e9e par un travail de bachelor ou de master passionnant et r\u00e9mun\u00e9r\u00e9ou par un poste d&#8217;\u00e9tudiant salari\u00e9. NOUS sommes la soci\u00e9t\u00e9 Conigon GmbH, dont le si\u00e8ge est \u00e0 Dillingen\/ Sarre, avec la filiale Conigon France SAS, dont le si\u00e8ge est \u00e0 Metz. sommes actifs dans le domaine du d\u00e9veloppement, du conseil et de l&#8217;impl\u00e9mentation de logiciels d&#8217;entreprisedans l&#8217;environnement PIM\/DAM, eShop et syst\u00e8mes de gestion de contenu. avons d\u00e9velopp\u00e9 une solution innovante d&#8217;&#8221;Application &amp; Data Integration&#8221; (ADIB). travaillons pour des clients de renom en Allemagne, en France, au Benelux et en Suisse. te proposons des mod\u00e8les de travail flexibles et le home-office. Tes t\u00e2ches comprennent Conception d&#8217;\u00e9l\u00e9ments GUI (\u00ab graphical user interface \u00bb) et de flux d&#8217;informations Utilisation de \/ d\u00e9veloppement avec des biblioth\u00e8ques \/ frameworks modernes(PHP : Laravel | JavaScript : React | GUI : Bootstrap ou Material UI) Ton profil \u00c9tudes avanc\u00e9es dans le domaine de l&#8217;informatique, de l&#8217;informatique de gestion ou dans un domaine comparable Int\u00e9r\u00eat et compr\u00e9hension des applications web, de l&#8217;interface utilisateur graphique et de l&#8217;utilisabilit\u00e9 Des connaissances en programmation PHP et JavaScript sont un avantage Aimer d\u00e9velopper des logiciels innovants avec des approches flexibles. Bonne connaissance de l&#8217;anglais Appliquer maintenant<\/p>\n","protected":false},"author":2,"featured_media":0,"parent":13467,"menu_order":0,"comment_status":"closed","ping_status":"closed","template":"","meta":{"_monsterinsights_skip_tracking":false,"_monsterinsights_sitenote_active":false,"_monsterinsights_sitenote_note":"","_monsterinsights_sitenote_category":0,"footnotes":""},"class_list":["post-13582","page","type-page","status-publish","hentry"],"acf":[],"yoast_head":"<!-- This site is optimized with the Yoast SEO plugin v25.4 - https:\/\/yoast.com\/wordpress\/plugins\/seo\/ -->\n<title>\u00c9tudiants - Conigon<\/title>\n<meta name=\"description\" content=\"M\u00e9moires de bachelor \/ master \/ \u00e9tudiants salari\u00e9s (h\/f\/d) Conception et impl\u00e9mentation d&#8217;\u00e9l\u00e9ments pour une transaction utilisateur guid\u00e9e et une\" \/>\n<meta name=\"robots\" content=\"index, follow, max-snippet:-1, max-image-preview:large, max-video-preview:-1\" \/>\n<link rel=\"canonical\" href=\"https:\/\/www.conigon.com\/fr\/carriere\/etudiants\/\" \/>\n<meta property=\"og:locale\" content=\"fr_FR\" \/>\n<meta property=\"og:type\" content=\"article\" \/>\n<meta property=\"og:title\" content=\"\u00c9tudiants - Conigon\" \/>\n<meta property=\"og:description\" content=\"M\u00e9moires de bachelor \/ master \/ \u00e9tudiants salari\u00e9s (h\/f\/d) Conception et impl\u00e9mentation d&#8217;\u00e9l\u00e9ments pour une transaction utilisateur guid\u00e9e et une\" \/>\n<meta property=\"og:url\" content=\"https:\/\/www.conigon.com\/fr\/carriere\/etudiants\/\" \/>\n<meta property=\"og:site_name\" content=\"Conigon\" \/>\n<meta property=\"article:modified_time\" content=\"2025-02-07T11:06:31+00:00\" \/>\n<meta property=\"og:image\" content=\"https:\/\/www.conigon.com\/wp-content\/uploads\/2022\/01\/favicon_conigon.png\" \/>\n\t<meta property=\"og:image:width\" content=\"377\" \/>\n\t<meta property=\"og:image:height\" content=\"377\" \/>\n\t<meta property=\"og:image:type\" content=\"image\/png\" \/>\n<meta name=\"twitter:card\" content=\"summary_large_image\" \/>\n<meta name=\"twitter:label1\" content=\"Dur\u00e9e de lecture estim\u00e9e\" \/>\n\t<meta name=\"twitter:data1\" content=\"2 minutes\" \/>\n<script type=\"application\/ld+json\" class=\"yoast-schema-graph\">{\"@context\":\"https:\/\/schema.org\",\"@graph\":[{\"@type\":\"WebPage\",\"@id\":\"https:\/\/www.conigon.com\/fr\/carriere\/etudiants\/\",\"url\":\"https:\/\/www.conigon.com\/fr\/carriere\/etudiants\/\",\"name\":\"\u00c9tudiants - Conigon\",\"isPartOf\":{\"@id\":\"https:\/\/www.conigon.com\/fr\/#website\"},\"datePublished\":\"2025-01-16T18:46:40+00:00\",\"dateModified\":\"2025-02-07T11:06:31+00:00\",\"description\":\"M\u00e9moires de bachelor \/ master \/ \u00e9tudiants salari\u00e9s (h\/f\/d) Conception et impl\u00e9mentation d&#8217;\u00e9l\u00e9ments pour une transaction utilisateur guid\u00e9e et une\",\"breadcrumb\":{\"@id\":\"https:\/\/www.conigon.com\/fr\/carriere\/etudiants\/#breadcrumb\"},\"inLanguage\":\"fr-FR\",\"potentialAction\":[{\"@type\":\"ReadAction\",\"target\":[\"https:\/\/www.conigon.com\/fr\/carriere\/etudiants\/\"]}]},{\"@type\":\"BreadcrumbList\",\"@id\":\"https:\/\/www.conigon.com\/fr\/carriere\/etudiants\/#breadcrumb\",\"itemListElement\":[{\"@type\":\"ListItem\",\"position\":1,\"name\":\"Startseite\",\"item\":\"https:\/\/www.conigon.com\/fr\/\"},{\"@type\":\"ListItem\",\"position\":2,\"name\":\"Carri\u00e8re\",\"item\":\"https:\/\/www.conigon.com\/fr\/carriere\/\"},{\"@type\":\"ListItem\",\"position\":3,\"name\":\"\u00c9tudiants\"}]},{\"@type\":\"WebSite\",\"@id\":\"https:\/\/www.conigon.com\/fr\/#website\",\"url\":\"https:\/\/www.conigon.com\/fr\/\",\"name\":\"Conigon\",\"description\":\"Solutions eCommerce innovantes et \u00e0 la pointe de la technologie\u200c \u200c\",\"publisher\":{\"@id\":\"https:\/\/www.conigon.com\/fr\/#organization\"},\"alternateName\":\"Conigon GmbH\",\"potentialAction\":[{\"@type\":\"SearchAction\",\"target\":{\"@type\":\"EntryPoint\",\"urlTemplate\":\"https:\/\/www.conigon.com\/fr\/?s={search_term_string}\"},\"query-input\":{\"@type\":\"PropertyValueSpecification\",\"valueRequired\":true,\"valueName\":\"search_term_string\"}}],\"inLanguage\":\"fr-FR\"},{\"@type\":\"Organization\",\"@id\":\"https:\/\/www.conigon.com\/fr\/#organization\",\"name\":\"Conigon GmbH\",\"alternateName\":\"Conigon\",\"url\":\"https:\/\/www.conigon.com\/fr\/\",\"logo\":{\"@type\":\"ImageObject\",\"inLanguage\":\"fr-FR\",\"@id\":\"https:\/\/www.conigon.com\/fr\/#\/schema\/logo\/image\/\",\"url\":\"https:\/\/www.conigon.com\/wp-content\/uploads\/2022\/01\/favicon_conigon.png\",\"contentUrl\":\"https:\/\/www.conigon.com\/wp-content\/uploads\/2022\/01\/favicon_conigon.png\",\"width\":377,\"height\":377,\"caption\":\"Conigon GmbH\"},\"image\":{\"@id\":\"https:\/\/www.conigon.com\/fr\/#\/schema\/logo\/image\/\"},\"sameAs\":[\"https:\/\/de.linkedin.com\/company\/conigon-gmbh\"]}]}<\/script>\n<!-- \/ Yoast SEO plugin. -->","yoast_head_json":{"title":"\u00c9tudiants - Conigon","description":"M\u00e9moires de bachelor \/ master \/ \u00e9tudiants salari\u00e9s (h\/f\/d) Conception et impl\u00e9mentation d&#8217;\u00e9l\u00e9ments pour une transaction utilisateur guid\u00e9e et une","robots":{"index":"index","follow":"follow","max-snippet":"max-snippet:-1","max-image-preview":"max-image-preview:large","max-video-preview":"max-video-preview:-1"},"canonical":"https:\/\/www.conigon.com\/fr\/carriere\/etudiants\/","og_locale":"fr_FR","og_type":"article","og_title":"\u00c9tudiants - Conigon","og_description":"M\u00e9moires de bachelor \/ master \/ \u00e9tudiants salari\u00e9s (h\/f\/d) Conception et impl\u00e9mentation d&#8217;\u00e9l\u00e9ments pour une transaction utilisateur guid\u00e9e et une","og_url":"https:\/\/www.conigon.com\/fr\/carriere\/etudiants\/","og_site_name":"Conigon","article_modified_time":"2025-02-07T11:06:31+00:00","og_image":[{"width":377,"height":377,"url":"https:\/\/www.conigon.com\/wp-content\/uploads\/2022\/01\/favicon_conigon.png","type":"image\/png"}],"twitter_card":"summary_large_image","twitter_misc":{"Dur\u00e9e de lecture estim\u00e9e":"2 minutes"},"schema":{"@context":"https:\/\/schema.org","@graph":[{"@type":"WebPage","@id":"https:\/\/www.conigon.com\/fr\/carriere\/etudiants\/","url":"https:\/\/www.conigon.com\/fr\/carriere\/etudiants\/","name":"\u00c9tudiants - Conigon","isPartOf":{"@id":"https:\/\/www.conigon.com\/fr\/#website"},"datePublished":"2025-01-16T18:46:40+00:00","dateModified":"2025-02-07T11:06:31+00:00","description":"M\u00e9moires de bachelor \/ master \/ \u00e9tudiants salari\u00e9s (h\/f\/d) Conception et impl\u00e9mentation d&#8217;\u00e9l\u00e9ments pour une transaction utilisateur guid\u00e9e et une","breadcrumb":{"@id":"https:\/\/www.conigon.com\/fr\/carriere\/etudiants\/#breadcrumb"},"inLanguage":"fr-FR","potentialAction":[{"@type":"ReadAction","target":["https:\/\/www.conigon.com\/fr\/carriere\/etudiants\/"]}]},{"@type":"BreadcrumbList","@id":"https:\/\/www.conigon.com\/fr\/carriere\/etudiants\/#breadcrumb","itemListElement":[{"@type":"ListItem","position":1,"name":"Startseite","item":"https:\/\/www.conigon.com\/fr\/"},{"@type":"ListItem","position":2,"name":"Carri\u00e8re","item":"https:\/\/www.conigon.com\/fr\/carriere\/"},{"@type":"ListItem","position":3,"name":"\u00c9tudiants"}]},{"@type":"WebSite","@id":"https:\/\/www.conigon.com\/fr\/#website","url":"https:\/\/www.conigon.com\/fr\/","name":"Conigon","description":"Solutions eCommerce innovantes et \u00e0 la pointe de la technologie\u200c \u200c","publisher":{"@id":"https:\/\/www.conigon.com\/fr\/#organization"},"alternateName":"Conigon GmbH","potentialAction":[{"@type":"SearchAction","target":{"@type":"EntryPoint","urlTemplate":"https:\/\/www.conigon.com\/fr\/?s={search_term_string}"},"query-input":{"@type":"PropertyValueSpecification","valueRequired":true,"valueName":"search_term_string"}}],"inLanguage":"fr-FR"},{"@type":"Organization","@id":"https:\/\/www.conigon.com\/fr\/#organization","name":"Conigon GmbH","alternateName":"Conigon","url":"https:\/\/www.conigon.com\/fr\/","logo":{"@type":"ImageObject","inLanguage":"fr-FR","@id":"https:\/\/www.conigon.com\/fr\/#\/schema\/logo\/image\/","url":"https:\/\/www.conigon.com\/wp-content\/uploads\/2022\/01\/favicon_conigon.png","contentUrl":"https:\/\/www.conigon.com\/wp-content\/uploads\/2022\/01\/favicon_conigon.png","width":377,"height":377,"caption":"Conigon GmbH"},"image":{"@id":"https:\/\/www.conigon.com\/fr\/#\/schema\/logo\/image\/"},"sameAs":["https:\/\/de.linkedin.com\/company\/conigon-gmbh"]}]}},"_links":{"self":[{"href":"https:\/\/www.conigon.com\/fr\/wp-json\/wp\/v2\/pages\/13582","targetHints":{"allow":["GET"]}}],"collection":[{"href":"https:\/\/www.conigon.com\/fr\/wp-json\/wp\/v2\/pages"}],"about":[{"href":"https:\/\/www.conigon.com\/fr\/wp-json\/wp\/v2\/types\/page"}],"author":[{"embeddable":true,"href":"https:\/\/www.conigon.com\/fr\/wp-json\/wp\/v2\/users\/2"}],"replies":[{"embeddable":true,"href":"https:\/\/www.conigon.com\/fr\/wp-json\/wp\/v2\/comments?post=13582"}],"version-history":[{"count":6,"href":"https:\/\/www.conigon.com\/fr\/wp-json\/wp\/v2\/pages\/13582\/revisions"}],"predecessor-version":[{"id":13601,"href":"https:\/\/www.conigon.com\/fr\/wp-json\/wp\/v2\/pages\/13582\/revisions\/13601"}],"up":[{"embeddable":true,"href":"https:\/\/www.conigon.com\/fr\/wp-json\/wp\/v2\/pages\/13467"}],"wp:attachment":[{"href":"https:\/\/www.conigon.com\/fr\/wp-json\/wp\/v2\/media?parent=13582"}],"curies":[{"name":"wp","href":"https:\/\/api.w.org\/{rel}","templated":true}]}}