{"id":13479,"date":"2025-02-03T15:31:47","date_gmt":"2025-02-03T14:31:47","guid":{"rendered":"https:\/\/www.conigon.com\/?page_id=13479"},"modified":"2025-08-13T13:52:51","modified_gmt":"2025-08-13T11:52:51","slug":"conseiller-en-ecommerce","status":"publish","type":"page","link":"https:\/\/www.conigon.com\/fr\/carriere\/conseiller-en-ecommerce\/","title":{"rendered":"Conseiller en eCommerce"},"content":{"rendered":"\t\t<div data-elementor-type=\"wp-page\" data-elementor-id=\"13479\" class=\"elementor elementor-13479 elementor-13473\">\n\t\t\t\t\t\t\t\t\t<section class=\"elementor-section elementor-top-section elementor-element elementor-element-0480b34 elementor-section-stretched elementor-section-boxed elementor-section-height-default elementor-section-height-default wpr-particle-no wpr-jarallax-no wpr-parallax-no wpr-sticky-section-no\" data-id=\"0480b34\" data-element_type=\"section\" data-settings=\"{&quot;stretch_section&quot;:&quot;section-stretched&quot;}\">\n\t\t\t\t\t\t<div class=\"elementor-container elementor-column-gap-default\">\n\t\t\t\t\t<div class=\"elementor-column elementor-col-100 elementor-top-column elementor-element elementor-element-5f25563\" data-id=\"5f25563\" data-element_type=\"column\">\n\t\t\t<div class=\"elementor-widget-wrap elementor-element-populated\">\n\t\t\t\t\t\t\t\t<div class=\"elementor-element elementor-element-0075be4 elementor-widget elementor-widget-section_title\" data-id=\"0075be4\" data-element_type=\"widget\" data-widget_type=\"section_title.default\">\n\t\t\t\t<div class=\"elementor-widget-container\">\n\t\t\t\r\n\r\n\r\n\r\n<div class=\"pt-section-title-box \">   \r\n   \t\t<span class=\"pt-section-sub-title\"><\/span>     \t<h3 class=\"pt-section-title\">Conseiller en eCommerce (h\/f\/d)<\/h3>     \t<p class=\"pt-section-description\"><p><strong>Conigon GmbH<\/strong> est une jeune entreprise sp\u00e9cialis\u00e9e dans <strong>le conseil en commerce \u00e9lectronique et le d\u00e9veloppement de logiciels<\/strong>. Notre \u00e9quipe comp\u00e9tente et multilingue travaille avec passion pour obtenir des r\u00e9sultats optimaux. Les solutions sur mesure que nous d\u00e9veloppons reposent sur une approche holistique et multitechnologique et s&#8217;int\u00e8grent parfaitement aux syst\u00e8mes backend existants. Notre approche pratique et notre longue exp\u00e9rience dans la gestion de projets internationaux s&#8217;av\u00e8rent particuli\u00e8rement pr\u00e9cieuses dans ce domaine.   <\/p>\n   \r\n<\/div>\t\t<\/div>\n\t\t\t\t<\/div>\n\t\t\t\t<div class=\"elementor-element elementor-element-ed254d2 elementor-widget-divider--view-line elementor-widget elementor-widget-divider\" data-id=\"ed254d2\" data-element_type=\"widget\" data-widget_type=\"divider.default\">\n\t\t\t\t<div class=\"elementor-widget-container\">\n\t\t\t<style>\/*! elementor - v3.17.0 - 08-11-2023 *\/\n.elementor-widget-divider{--divider-border-style:none;--divider-border-width:1px;--divider-color:#0c0d0e;--divider-icon-size:20px;--divider-element-spacing:10px;--divider-pattern-height:24px;--divider-pattern-size:20px;--divider-pattern-url:none;--divider-pattern-repeat:repeat-x}.elementor-widget-divider .elementor-divider{display:flex}.elementor-widget-divider .elementor-divider__text{font-size:15px;line-height:1;max-width:95%}.elementor-widget-divider .elementor-divider__element{margin:0 var(--divider-element-spacing);flex-shrink:0}.elementor-widget-divider .elementor-icon{font-size:var(--divider-icon-size)}.elementor-widget-divider .elementor-divider-separator{display:flex;margin:0;direction:ltr}.elementor-widget-divider--view-line_icon .elementor-divider-separator,.elementor-widget-divider--view-line_text .elementor-divider-separator{align-items:center}.elementor-widget-divider--view-line_icon .elementor-divider-separator:after,.elementor-widget-divider--view-line_icon .elementor-divider-separator:before,.elementor-widget-divider--view-line_text .elementor-divider-separator:after,.elementor-widget-divider--view-line_text .elementor-divider-separator:before{display:block;content:\"\";border-bottom:0;flex-grow:1;border-top:var(--divider-border-width) var(--divider-border-style) var(--divider-color)}.elementor-widget-divider--element-align-left .elementor-divider .elementor-divider-separator>.elementor-divider__svg:first-of-type{flex-grow:0;flex-shrink:100}.elementor-widget-divider--element-align-left .elementor-divider-separator:before{content:none}.elementor-widget-divider--element-align-left .elementor-divider__element{margin-left:0}.elementor-widget-divider--element-align-right .elementor-divider .elementor-divider-separator>.elementor-divider__svg:last-of-type{flex-grow:0;flex-shrink:100}.elementor-widget-divider--element-align-right .elementor-divider-separator:after{content:none}.elementor-widget-divider--element-align-right .elementor-divider__element{margin-right:0}.elementor-widget-divider:not(.elementor-widget-divider--view-line_text):not(.elementor-widget-divider--view-line_icon) .elementor-divider-separator{border-top:var(--divider-border-width) var(--divider-border-style) var(--divider-color)}.elementor-widget-divider--separator-type-pattern{--divider-border-style:none}.elementor-widget-divider--separator-type-pattern.elementor-widget-divider--view-line .elementor-divider-separator,.elementor-widget-divider--separator-type-pattern:not(.elementor-widget-divider--view-line) .elementor-divider-separator:after,.elementor-widget-divider--separator-type-pattern:not(.elementor-widget-divider--view-line) .elementor-divider-separator:before,.elementor-widget-divider--separator-type-pattern:not([class*=elementor-widget-divider--view]) .elementor-divider-separator{width:100%;min-height:var(--divider-pattern-height);-webkit-mask-size:var(--divider-pattern-size) 100%;mask-size:var(--divider-pattern-size) 100%;-webkit-mask-repeat:var(--divider-pattern-repeat);mask-repeat:var(--divider-pattern-repeat);background-color:var(--divider-color);-webkit-mask-image:var(--divider-pattern-url);mask-image:var(--divider-pattern-url)}.elementor-widget-divider--no-spacing{--divider-pattern-size:auto}.elementor-widget-divider--bg-round{--divider-pattern-repeat:round}.rtl .elementor-widget-divider .elementor-divider__text{direction:rtl}.e-con-inner>.elementor-widget-divider,.e-con>.elementor-widget-divider{width:var(--container-widget-width,100%);--flex-grow:var(--container-widget-flex-grow)}<\/style>\t\t<div class=\"elementor-divider\">\n\t\t\t<span class=\"elementor-divider-separator\">\n\t\t\t\t\t\t<\/span>\n\t\t<\/div>\n\t\t\t\t<\/div>\n\t\t\t\t<\/div>\n\t\t\t\t<div class=\"elementor-element elementor-element-522a7ea elementor-widget elementor-widget-section_title\" data-id=\"522a7ea\" data-element_type=\"widget\" data-widget_type=\"section_title.default\">\n\t\t\t\t<div class=\"elementor-widget-container\">\n\t\t\t\r\n\r\n\r\n\r\n<div class=\"pt-section-title-box \">   \r\n   \t\t     \t<h5 class=\"pt-section-title\">T\u00e2ches<\/h5>     \t<p class=\"pt-section-description\"><p>\n            <strong>Tu es la personne id\u00e9ale pour nous si tu<\/strong>\n          <\/p>\n<ul>\n<li>aimes d\u00e9velopper des applications web modernes et<\/li>\n<li>as acquis de l&#8217;exp\u00e9rience dans le domaine PHP et\/ou React ;<\/li>\n<li>aimes travailler avec des coll\u00e8gues externes et internes et<\/li>\n<li>es capable de trouver des solutions efficaces pour r\u00e9pondre aux besoins des clients dont tu t&#8217;occupes ;<\/li>\n<li>prends au s\u00e9rieux les pr\u00e9occupations de tes clients et tu es capable de travailler avec des non-sp\u00e9cialistes ;<\/li>\n<li>es capable de mener \u00e0 bien les missions dans les d\u00e9lais impartis<\/li>\n<\/ul>\n   \r\n<\/div>\t\t<\/div>\n\t\t\t\t<\/div>\n\t\t\t\t<div class=\"elementor-element elementor-element-63238db elementor-widget elementor-widget-section_title\" data-id=\"63238db\" data-element_type=\"widget\" data-widget_type=\"section_title.default\">\n\t\t\t\t<div class=\"elementor-widget-container\">\n\t\t\t\r\n\r\n\r\n\r\n<div class=\"pt-section-title-box \">   \r\n   \t\t     \t<h5 class=\"pt-section-title\">Qualification<\/h5>     \t<p class=\"pt-section-description\"><p>\n            <strong>Tu nous convaincras si tu<\/strong>\n          <\/p>\n<ul>\n<li>es titulaire d&#8217;un bachelor\/master en informatique (de gestion) ou d&#8217;une formation \u00e9quivalente ;<\/li>\n<li>as acquis au moins 3 ans d&#8217;exp\u00e9rience professionnelle et de gestion de projets dans ce domaine ;<\/li>\n<li>es aimable et tu as un excellent esprit d&#8217;\u00e9quipe ;<\/li>\n<li>es engag\u00e9e et dou\u00e9e pour la communication ;<\/li>\n<li>parles couramment l&#8217;allemand et le fran\u00e7ais (niveau C2) et que tu as des connaissances de base en anglais.<\/li>\n<\/ul>\n   \r\n<\/div>\t\t<\/div>\n\t\t\t\t<\/div>\n\t\t\t\t<div class=\"elementor-element elementor-element-adbe12e elementor-widget elementor-widget-section_title\" data-id=\"adbe12e\" data-element_type=\"widget\" data-widget_type=\"section_title.default\">\n\t\t\t\t<div class=\"elementor-widget-container\">\n\t\t\t\r\n\r\n\r\n\r\n<div class=\"pt-section-title-box \">   \r\n   \t\t     \t<h5 class=\"pt-section-title\">Avantages<\/h5>     \t<p class=\"pt-section-description\"><p>\n            <strong>Nous t&#8217;offrons<\/strong>\n          <\/p>\n<ul>\n<li>un salaire \u00e0 la hauteur de tes performances, qui \u00e9volue en fonction du d\u00e9veloppement de tes comp\u00e9tences ;<\/li>\n<li>mod\u00e8les et horaires de travail flexibles ;<\/li>\n<li>t\u00e9l\u00e9travail \u00e0 grande \u00e9chelle.<\/li>\n<\/ul>\n   \r\n<\/div>\t\t<\/div>\n\t\t\t\t<\/div>\n\t\t\t\t<div class=\"elementor-element elementor-element-7d403b8 elementor-invisible elementor-widget elementor-widget-Button\" data-id=\"7d403b8\" data-element_type=\"widget\" data-settings=\"{&quot;_animation&quot;:&quot;fadeInUp&quot;}\" data-widget_type=\"Button.default\">\n\t\t\t\t<div class=\"elementor-widget-container\">\n\t\t\t<div class=\"pt-btn-container\">\r\n    <div class=\"pt-button-block\">\r\n\t\t\t<a class=\"pt-button pt-btn-flat\" href=\"mailto:bewerbung@conigon.com\">\r\n\r\n\t\t\t<span class=\"text\">Appliquer maintenant<\/span>\r\n            <span class=\"pt-button-line-left\"><\/span>\r\n\t\t\t<\/a>\r\n    <\/div>  \r\n\r\n<\/div>\r\n\t\t<\/div>\n\t\t\t\t<\/div>\n\t\t\t\t\t<\/div>\n\t\t<\/div>\n\t\t\t\t\t\t\t<\/div>\n\t\t<\/section>\n\t\t\t\t\t\t\t<\/div>\n\t\t","protected":false},"excerpt":{"rendered":"<p>Conseiller en eCommerce (h\/f\/d) Conigon GmbH est une jeune entreprise sp\u00e9cialis\u00e9e dans le conseil en commerce \u00e9lectronique et le d\u00e9veloppement de logiciels. Notre \u00e9quipe comp\u00e9tente et multilingue travaille avec passion pour obtenir des r\u00e9sultats optimaux. Les solutions sur mesure que nous d\u00e9veloppons reposent sur une approche holistique et multitechnologique et s&#8217;int\u00e8grent parfaitement aux syst\u00e8mes backend existants. Notre approche pratique et notre longue exp\u00e9rience dans la gestion de projets internationaux s&#8217;av\u00e8rent particuli\u00e8rement pr\u00e9cieuses dans ce domaine. T\u00e2ches Tu es la personne id\u00e9ale pour nous si tu aimes d\u00e9velopper des applications web modernes et as acquis de l&#8217;exp\u00e9rience dans le domaine PHP et\/ou React ; aimes travailler avec des coll\u00e8gues externes et internes et es capable de trouver des solutions efficaces pour r\u00e9pondre aux besoins des clients dont tu t&#8217;occupes ; prends au s\u00e9rieux les pr\u00e9occupations de tes clients et tu es capable de travailler avec des non-sp\u00e9cialistes ; es capable de mener \u00e0 bien les missions dans les d\u00e9lais impartis Qualification Tu nous convaincras si tu es titulaire d&#8217;un bachelor\/master en informatique (de gestion) ou d&#8217;une formation \u00e9quivalente ; as acquis au moins 3 ans d&#8217;exp\u00e9rience professionnelle et de gestion de projets dans ce domaine ; es aimable et tu as un excellent esprit d&#8217;\u00e9quipe ; es engag\u00e9e et dou\u00e9e pour la communication ; parles couramment l&#8217;allemand et le fran\u00e7ais (niveau C2) et que tu as des connaissances de base en anglais. Avantages Nous t&#8217;offrons un salaire \u00e0 la hauteur de tes performances, qui \u00e9volue en fonction du d\u00e9veloppement de tes comp\u00e9tences ; mod\u00e8les et horaires de travail flexibles ; t\u00e9l\u00e9travail \u00e0 grande \u00e9chelle. Appliquer maintenant<\/p>\n","protected":false},"author":2,"featured_media":0,"parent":13467,"menu_order":0,"comment_status":"closed","ping_status":"closed","template":"","meta":{"_monsterinsights_skip_tracking":false,"_monsterinsights_sitenote_active":false,"_monsterinsights_sitenote_note":"","_monsterinsights_sitenote_category":0,"footnotes":""},"class_list":["post-13479","page","type-page","status-publish","hentry"],"acf":[],"yoast_head":"<!-- This site is optimized with the Yoast SEO plugin v25.4 - https:\/\/yoast.com\/wordpress\/plugins\/seo\/ -->\n<title>Conseiller en eCommerce - Conigon<\/title>\n<meta name=\"description\" content=\"Conseiller en eCommerce (h\/f\/d) Conigon GmbH est une jeune entreprise sp\u00e9cialis\u00e9e dans le conseil en commerce \u00e9lectronique et le d\u00e9veloppement de\" \/>\n<meta name=\"robots\" content=\"index, follow, max-snippet:-1, max-image-preview:large, max-video-preview:-1\" \/>\n<link rel=\"canonical\" href=\"https:\/\/www.conigon.com\/fr\/carriere\/conseiller-en-ecommerce\/\" \/>\n<meta property=\"og:locale\" content=\"fr_FR\" \/>\n<meta property=\"og:type\" content=\"article\" \/>\n<meta property=\"og:title\" content=\"Conseiller en eCommerce - Conigon\" \/>\n<meta property=\"og:description\" content=\"Conseiller en eCommerce (h\/f\/d) Conigon GmbH est une jeune entreprise sp\u00e9cialis\u00e9e dans le conseil en commerce \u00e9lectronique et le d\u00e9veloppement de\" \/>\n<meta property=\"og:url\" content=\"https:\/\/www.conigon.com\/fr\/carriere\/conseiller-en-ecommerce\/\" \/>\n<meta property=\"og:site_name\" content=\"Conigon\" \/>\n<meta property=\"article:modified_time\" content=\"2025-08-13T11:52:51+00:00\" \/>\n<meta property=\"og:image\" content=\"https:\/\/www.conigon.com\/wp-content\/uploads\/2022\/01\/favicon_conigon.png\" \/>\n\t<meta property=\"og:image:width\" content=\"377\" \/>\n\t<meta property=\"og:image:height\" content=\"377\" \/>\n\t<meta property=\"og:image:type\" content=\"image\/png\" \/>\n<meta name=\"twitter:card\" content=\"summary_large_image\" \/>\n<meta name=\"twitter:label1\" content=\"Dur\u00e9e de lecture estim\u00e9e\" \/>\n\t<meta name=\"twitter:data1\" content=\"1 minute\" \/>\n<script type=\"application\/ld+json\" class=\"yoast-schema-graph\">{\"@context\":\"https:\/\/schema.org\",\"@graph\":[{\"@type\":\"WebPage\",\"@id\":\"https:\/\/www.conigon.com\/fr\/carriere\/conseiller-en-ecommerce\/\",\"url\":\"https:\/\/www.conigon.com\/fr\/carriere\/conseiller-en-ecommerce\/\",\"name\":\"Conseiller en eCommerce - Conigon\",\"isPartOf\":{\"@id\":\"https:\/\/www.conigon.com\/fr\/#website\"},\"datePublished\":\"2025-02-03T14:31:47+00:00\",\"dateModified\":\"2025-08-13T11:52:51+00:00\",\"description\":\"Conseiller en eCommerce (h\/f\/d) Conigon GmbH est une jeune entreprise sp\u00e9cialis\u00e9e dans le conseil en commerce \u00e9lectronique et le d\u00e9veloppement de\",\"breadcrumb\":{\"@id\":\"https:\/\/www.conigon.com\/fr\/carriere\/conseiller-en-ecommerce\/#breadcrumb\"},\"inLanguage\":\"fr-FR\",\"potentialAction\":[{\"@type\":\"ReadAction\",\"target\":[\"https:\/\/www.conigon.com\/fr\/carriere\/conseiller-en-ecommerce\/\"]}]},{\"@type\":\"BreadcrumbList\",\"@id\":\"https:\/\/www.conigon.com\/fr\/carriere\/conseiller-en-ecommerce\/#breadcrumb\",\"itemListElement\":[{\"@type\":\"ListItem\",\"position\":1,\"name\":\"Startseite\",\"item\":\"https:\/\/www.conigon.com\/fr\/\"},{\"@type\":\"ListItem\",\"position\":2,\"name\":\"Carri\u00e8re\",\"item\":\"https:\/\/www.conigon.com\/fr\/carriere\/\"},{\"@type\":\"ListItem\",\"position\":3,\"name\":\"Conseiller en eCommerce\"}]},{\"@type\":\"WebSite\",\"@id\":\"https:\/\/www.conigon.com\/fr\/#website\",\"url\":\"https:\/\/www.conigon.com\/fr\/\",\"name\":\"Conigon\",\"description\":\"Solutions eCommerce innovantes et \u00e0 la pointe de la technologie\u200c \u200c\",\"publisher\":{\"@id\":\"https:\/\/www.conigon.com\/fr\/#organization\"},\"alternateName\":\"Conigon GmbH\",\"potentialAction\":[{\"@type\":\"SearchAction\",\"target\":{\"@type\":\"EntryPoint\",\"urlTemplate\":\"https:\/\/www.conigon.com\/fr\/?s={search_term_string}\"},\"query-input\":{\"@type\":\"PropertyValueSpecification\",\"valueRequired\":true,\"valueName\":\"search_term_string\"}}],\"inLanguage\":\"fr-FR\"},{\"@type\":\"Organization\",\"@id\":\"https:\/\/www.conigon.com\/fr\/#organization\",\"name\":\"Conigon GmbH\",\"alternateName\":\"Conigon\",\"url\":\"https:\/\/www.conigon.com\/fr\/\",\"logo\":{\"@type\":\"ImageObject\",\"inLanguage\":\"fr-FR\",\"@id\":\"https:\/\/www.conigon.com\/fr\/#\/schema\/logo\/image\/\",\"url\":\"https:\/\/www.conigon.com\/wp-content\/uploads\/2022\/01\/favicon_conigon.png\",\"contentUrl\":\"https:\/\/www.conigon.com\/wp-content\/uploads\/2022\/01\/favicon_conigon.png\",\"width\":377,\"height\":377,\"caption\":\"Conigon GmbH\"},\"image\":{\"@id\":\"https:\/\/www.conigon.com\/fr\/#\/schema\/logo\/image\/\"},\"sameAs\":[\"https:\/\/de.linkedin.com\/company\/conigon-gmbh\"]}]}<\/script>\n<!-- \/ Yoast SEO plugin. -->","yoast_head_json":{"title":"Conseiller en eCommerce - Conigon","description":"Conseiller en eCommerce (h\/f\/d) Conigon GmbH est une jeune entreprise sp\u00e9cialis\u00e9e dans le conseil en commerce \u00e9lectronique et le d\u00e9veloppement de","robots":{"index":"index","follow":"follow","max-snippet":"max-snippet:-1","max-image-preview":"max-image-preview:large","max-video-preview":"max-video-preview:-1"},"canonical":"https:\/\/www.conigon.com\/fr\/carriere\/conseiller-en-ecommerce\/","og_locale":"fr_FR","og_type":"article","og_title":"Conseiller en eCommerce - Conigon","og_description":"Conseiller en eCommerce (h\/f\/d) Conigon GmbH est une jeune entreprise sp\u00e9cialis\u00e9e dans le conseil en commerce \u00e9lectronique et le d\u00e9veloppement de","og_url":"https:\/\/www.conigon.com\/fr\/carriere\/conseiller-en-ecommerce\/","og_site_name":"Conigon","article_modified_time":"2025-08-13T11:52:51+00:00","og_image":[{"width":377,"height":377,"url":"https:\/\/www.conigon.com\/wp-content\/uploads\/2022\/01\/favicon_conigon.png","type":"image\/png"}],"twitter_card":"summary_large_image","twitter_misc":{"Dur\u00e9e de lecture estim\u00e9e":"1 minute"},"schema":{"@context":"https:\/\/schema.org","@graph":[{"@type":"WebPage","@id":"https:\/\/www.conigon.com\/fr\/carriere\/conseiller-en-ecommerce\/","url":"https:\/\/www.conigon.com\/fr\/carriere\/conseiller-en-ecommerce\/","name":"Conseiller en eCommerce - Conigon","isPartOf":{"@id":"https:\/\/www.conigon.com\/fr\/#website"},"datePublished":"2025-02-03T14:31:47+00:00","dateModified":"2025-08-13T11:52:51+00:00","description":"Conseiller en eCommerce (h\/f\/d) Conigon GmbH est une jeune entreprise sp\u00e9cialis\u00e9e dans le conseil en commerce \u00e9lectronique et le d\u00e9veloppement de","breadcrumb":{"@id":"https:\/\/www.conigon.com\/fr\/carriere\/conseiller-en-ecommerce\/#breadcrumb"},"inLanguage":"fr-FR","potentialAction":[{"@type":"ReadAction","target":["https:\/\/www.conigon.com\/fr\/carriere\/conseiller-en-ecommerce\/"]}]},{"@type":"BreadcrumbList","@id":"https:\/\/www.conigon.com\/fr\/carriere\/conseiller-en-ecommerce\/#breadcrumb","itemListElement":[{"@type":"ListItem","position":1,"name":"Startseite","item":"https:\/\/www.conigon.com\/fr\/"},{"@type":"ListItem","position":2,"name":"Carri\u00e8re","item":"https:\/\/www.conigon.com\/fr\/carriere\/"},{"@type":"ListItem","position":3,"name":"Conseiller en eCommerce"}]},{"@type":"WebSite","@id":"https:\/\/www.conigon.com\/fr\/#website","url":"https:\/\/www.conigon.com\/fr\/","name":"Conigon","description":"Solutions eCommerce innovantes et \u00e0 la pointe de la technologie\u200c \u200c","publisher":{"@id":"https:\/\/www.conigon.com\/fr\/#organization"},"alternateName":"Conigon GmbH","potentialAction":[{"@type":"SearchAction","target":{"@type":"EntryPoint","urlTemplate":"https:\/\/www.conigon.com\/fr\/?s={search_term_string}"},"query-input":{"@type":"PropertyValueSpecification","valueRequired":true,"valueName":"search_term_string"}}],"inLanguage":"fr-FR"},{"@type":"Organization","@id":"https:\/\/www.conigon.com\/fr\/#organization","name":"Conigon GmbH","alternateName":"Conigon","url":"https:\/\/www.conigon.com\/fr\/","logo":{"@type":"ImageObject","inLanguage":"fr-FR","@id":"https:\/\/www.conigon.com\/fr\/#\/schema\/logo\/image\/","url":"https:\/\/www.conigon.com\/wp-content\/uploads\/2022\/01\/favicon_conigon.png","contentUrl":"https:\/\/www.conigon.com\/wp-content\/uploads\/2022\/01\/favicon_conigon.png","width":377,"height":377,"caption":"Conigon GmbH"},"image":{"@id":"https:\/\/www.conigon.com\/fr\/#\/schema\/logo\/image\/"},"sameAs":["https:\/\/de.linkedin.com\/company\/conigon-gmbh"]}]}},"_links":{"self":[{"href":"https:\/\/www.conigon.com\/fr\/wp-json\/wp\/v2\/pages\/13479","targetHints":{"allow":["GET"]}}],"collection":[{"href":"https:\/\/www.conigon.com\/fr\/wp-json\/wp\/v2\/pages"}],"about":[{"href":"https:\/\/www.conigon.com\/fr\/wp-json\/wp\/v2\/types\/page"}],"author":[{"embeddable":true,"href":"https:\/\/www.conigon.com\/fr\/wp-json\/wp\/v2\/users\/2"}],"replies":[{"embeddable":true,"href":"https:\/\/www.conigon.com\/fr\/wp-json\/wp\/v2\/comments?post=13479"}],"version-history":[{"count":6,"href":"https:\/\/www.conigon.com\/fr\/wp-json\/wp\/v2\/pages\/13479\/revisions"}],"predecessor-version":[{"id":14788,"href":"https:\/\/www.conigon.com\/fr\/wp-json\/wp\/v2\/pages\/13479\/revisions\/14788"}],"up":[{"embeddable":true,"href":"https:\/\/www.conigon.com\/fr\/wp-json\/wp\/v2\/pages\/13467"}],"wp:attachment":[{"href":"https:\/\/www.conigon.com\/fr\/wp-json\/wp\/v2\/media?parent=13479"}],"curies":[{"name":"wp","href":"https:\/\/api.w.org\/{rel}","templated":true}]}}