{"id":13467,"date":"2025-02-03T15:31:20","date_gmt":"2025-02-03T14:31:20","guid":{"rendered":"https:\/\/www.conigon.com\/?page_id=13467"},"modified":"2025-08-13T13:34:13","modified_gmt":"2025-08-13T11:34:13","slug":"carriere","status":"publish","type":"page","link":"https:\/\/www.conigon.com\/fr\/carriere\/","title":{"rendered":"Carri\u00e8re"},"content":{"rendered":"\t\t<div data-elementor-type=\"wp-page\" data-elementor-id=\"13467\" class=\"elementor elementor-13467 elementor-13464\">\n\t\t\t\t\t\t\t\t\t<section class=\"elementor-section elementor-top-section elementor-element elementor-element-05d0b9f elementor-section-stretched elementor-section-boxed elementor-section-height-default elementor-section-height-default wpr-particle-no wpr-jarallax-no wpr-parallax-no wpr-sticky-section-no\" data-id=\"05d0b9f\" data-element_type=\"section\" data-settings=\"{&quot;stretch_section&quot;:&quot;section-stretched&quot;,&quot;background_background&quot;:&quot;classic&quot;}\">\n\t\t\t\t\t\t\t<div class=\"elementor-background-overlay\"><\/div>\n\t\t\t\t\t\t\t<div class=\"elementor-container elementor-column-gap-default\">\n\t\t\t\t\t<div class=\"elementor-column elementor-col-100 elementor-top-column elementor-element elementor-element-dc8fda9\" data-id=\"dc8fda9\" data-element_type=\"column\">\n\t\t\t<div class=\"elementor-widget-wrap elementor-element-populated\">\n\t\t\t\t\t\t\t\t<div class=\"elementor-element elementor-element-89dcf16 elementor-widget elementor-widget-section_title\" data-id=\"89dcf16\" data-element_type=\"widget\" data-widget_type=\"section_title.default\">\n\t\t\t\t<div class=\"elementor-widget-container\">\n\t\t\t\r\n\r\n\r\n\r\n<div class=\"pt-section-title-box text-center\">   \r\n   \t\t     \t<h2 class=\"pt-section-title\">Offres d&#039;emploi actuelles chez CONIGON<\/h2>     \t<p class=\"pt-section-description\"><p>CONIGON grandit. Nous recherchons des collaborateurs engag\u00e9s qui grandissent avec Conigon. Envoyez votre candidature spontan\u00e9e \u00e0 <a href=\"mailto:bewerbung@conigon.com\">bewerbung@conigon.com<\/a>.<br \/>Des horaires de travail flexibles, le t\u00e9l\u00e9travail et la possibilit\u00e9 de concilier vie professionnelle et vie familiale sont pour nous une \u00e9vidence. <\/p>\n   \r\n<\/div>\t\t<\/div>\n\t\t\t\t<\/div>\n\t\t\t\t\t<\/div>\n\t\t<\/div>\n\t\t\t\t\t\t\t<\/div>\n\t\t<\/section>\n\t\t\t\t<section class=\"elementor-section elementor-top-section elementor-element elementor-element-0497524 elementor-section-stretched elementor-section-boxed elementor-section-height-default elementor-section-height-default wpr-particle-no wpr-jarallax-no wpr-parallax-no wpr-sticky-section-no\" data-id=\"0497524\" data-element_type=\"section\" id=\"professionals\" data-settings=\"{&quot;stretch_section&quot;:&quot;section-stretched&quot;,&quot;background_background&quot;:&quot;classic&quot;}\">\n\t\t\t\t\t\t\t<div class=\"elementor-background-overlay\"><\/div>\n\t\t\t\t\t\t\t<div class=\"elementor-container elementor-column-gap-default\">\n\t\t\t\t\t<div class=\"elementor-column elementor-col-50 elementor-top-column elementor-element elementor-element-be621a8\" data-id=\"be621a8\" data-element_type=\"column\">\n\t\t\t<div class=\"elementor-widget-wrap elementor-element-populated\">\n\t\t\t\t\t\t\t\t<div class=\"elementor-element elementor-element-41fb8d7 elementor-invisible elementor-widget elementor-widget-image\" data-id=\"41fb8d7\" data-element_type=\"widget\" data-settings=\"{&quot;_animation&quot;:&quot;fadeInLeft&quot;}\" data-widget_type=\"image.default\">\n\t\t\t\t<div class=\"elementor-widget-container\">\n\t\t\t<style>\/*! elementor - v3.17.0 - 08-11-2023 *\/\n.elementor-widget-image{text-align:center}.elementor-widget-image a{display:inline-block}.elementor-widget-image a img[src$=\".svg\"]{width:48px}.elementor-widget-image img{vertical-align:middle;display:inline-block}<\/style>\t\t\t\t\t\t\t\t\t\t\t\t<img loading=\"lazy\" decoding=\"async\" width=\"525\" height=\"612\" src=\"https:\/\/www.conigon.com\/wp-content\/uploads\/2025\/01\/professional_neu.jpg\" class=\"attachment-large size-large wp-image-13125\" alt=\"\" srcset=\"https:\/\/www.conigon.com\/wp-content\/uploads\/2025\/01\/professional_neu.jpg 800w, https:\/\/www.conigon.com\/wp-content\/uploads\/2025\/01\/professional_neu-258x300.jpg 258w, https:\/\/www.conigon.com\/wp-content\/uploads\/2025\/01\/professional_neu-768x895.jpg 768w\" sizes=\"auto, (max-width: 525px) 100vw, 525px\" \/>\t\t\t\t\t\t\t\t\t\t\t\t\t\t\t<\/div>\n\t\t\t\t<\/div>\n\t\t\t\t\t<\/div>\n\t\t<\/div>\n\t\t\t\t<div class=\"elementor-column elementor-col-50 elementor-top-column elementor-element elementor-element-b6e4c81\" data-id=\"b6e4c81\" data-element_type=\"column\">\n\t\t\t<div class=\"elementor-widget-wrap elementor-element-populated\">\n\t\t\t\t\t\t\t\t<div class=\"elementor-element elementor-element-e9b7801 elementor-widget elementor-widget-spacer\" data-id=\"e9b7801\" data-element_type=\"widget\" data-widget_type=\"spacer.default\">\n\t\t\t\t<div class=\"elementor-widget-container\">\n\t\t\t<style>\/*! elementor - v3.17.0 - 08-11-2023 *\/\n.elementor-column .elementor-spacer-inner{height:var(--spacer-size)}.e-con{--container-widget-width:100%}.e-con-inner>.elementor-widget-spacer,.e-con>.elementor-widget-spacer{width:var(--container-widget-width,var(--spacer-size));--align-self:var(--container-widget-align-self,initial);--flex-shrink:0}.e-con-inner>.elementor-widget-spacer>.elementor-widget-container,.e-con>.elementor-widget-spacer>.elementor-widget-container{height:100%;width:100%}.e-con-inner>.elementor-widget-spacer>.elementor-widget-container>.elementor-spacer,.e-con>.elementor-widget-spacer>.elementor-widget-container>.elementor-spacer{height:100%}.e-con-inner>.elementor-widget-spacer>.elementor-widget-container>.elementor-spacer>.elementor-spacer-inner,.e-con>.elementor-widget-spacer>.elementor-widget-container>.elementor-spacer>.elementor-spacer-inner{height:var(--container-widget-height,var(--spacer-size))}.e-con-inner>.elementor-widget-spacer.elementor-widget-empty,.e-con>.elementor-widget-spacer.elementor-widget-empty{position:relative;min-height:22px;min-width:22px}.e-con-inner>.elementor-widget-spacer.elementor-widget-empty .elementor-widget-empty-icon,.e-con>.elementor-widget-spacer.elementor-widget-empty .elementor-widget-empty-icon{position:absolute;top:0;bottom:0;left:0;right:0;margin:auto;padding:0;width:22px;height:22px}<\/style>\t\t<div class=\"elementor-spacer\">\n\t\t\t<div class=\"elementor-spacer-inner\"><\/div>\n\t\t<\/div>\n\t\t\t\t<\/div>\n\t\t\t\t<\/div>\n\t\t\t\t<div class=\"elementor-element elementor-element-ad45ed0 elementor-widget elementor-widget-section_title\" data-id=\"ad45ed0\" data-element_type=\"widget\" data-widget_type=\"section_title.default\">\n\t\t\t\t<div class=\"elementor-widget-container\">\n\t\t\t\r\n\r\n\r\n\r\n<div class=\"pt-section-title-box \">   \r\n   \t\t<span class=\"pt-section-sub-title\">Professionels exp\u00e9riment\u00e9s<\/span>     \t<h3 class=\"pt-section-title\">Offres d&#039;emploi pour d\u00e9butants\/professionnels exp\u00e9riment\u00e9s (h\/f\/d)<\/h3>     \t<p class=\"pt-section-description\">   \r\n<\/div>\t\t<\/div>\n\t\t\t\t<\/div>\n\t\t\t\t<div class=\"elementor-element elementor-element-5c05516 elementor-widget elementor-widget-text-editor\" data-id=\"5c05516\" data-element_type=\"widget\" data-widget_type=\"text-editor.default\">\n\t\t\t\t<div class=\"elementor-widget-container\">\n\t\t\t<style>\/*! elementor - v3.17.0 - 08-11-2023 *\/\n.elementor-widget-text-editor.elementor-drop-cap-view-stacked .elementor-drop-cap{background-color:#69727d;color:#fff}.elementor-widget-text-editor.elementor-drop-cap-view-framed .elementor-drop-cap{color:#69727d;border:3px solid;background-color:transparent}.elementor-widget-text-editor:not(.elementor-drop-cap-view-default) .elementor-drop-cap{margin-top:8px}.elementor-widget-text-editor:not(.elementor-drop-cap-view-default) .elementor-drop-cap-letter{width:1em;height:1em}.elementor-widget-text-editor .elementor-drop-cap{float:left;text-align:center;line-height:1;font-size:50px}.elementor-widget-text-editor .elementor-drop-cap-letter{display:inline-block}<\/style>\t\t\t\t<ul>\n<li>Conseiller en eCommerce (h\/f\/d)<\/li>\n<\/ul>\n\t\t\t\t\t\t<\/div>\n\t\t\t\t<\/div>\n\t\t\t\t<div class=\"elementor-element elementor-element-60da73f elementor-invisible elementor-widget elementor-widget-Button\" data-id=\"60da73f\" data-element_type=\"widget\" data-settings=\"{&quot;_animation&quot;:&quot;fadeInUp&quot;}\" data-widget_type=\"Button.default\">\n\t\t\t\t<div class=\"elementor-widget-container\">\n\t\t\t<div class=\"pt-btn-container\">\r\n    <div class=\"pt-button-block\">\r\n\t\t\t<a class=\"pt-button pt-btn-flat\" href=\"https:\/\/www.conigon.com\/fr\/carriere\/conseiller-en-ecommerce\/\">\r\n\r\n\t\t\t<span class=\"text\">Savoir plus<\/span>\r\n            <span class=\"pt-button-line-left\"><\/span>\r\n\t\t\t<\/a>\r\n    <\/div>  \r\n\r\n<\/div>\r\n\t\t<\/div>\n\t\t\t\t<\/div>\n\t\t\t\t<div class=\"elementor-element elementor-element-ec45fbc elementor-widget elementor-widget-spacer\" data-id=\"ec45fbc\" data-element_type=\"widget\" data-widget_type=\"spacer.default\">\n\t\t\t\t<div class=\"elementor-widget-container\">\n\t\t\t\t\t<div class=\"elementor-spacer\">\n\t\t\t<div class=\"elementor-spacer-inner\"><\/div>\n\t\t<\/div>\n\t\t\t\t<\/div>\n\t\t\t\t<\/div>\n\t\t\t\t\t<\/div>\n\t\t<\/div>\n\t\t\t\t\t\t\t<\/div>\n\t\t<\/section>\n\t\t\t\t<section class=\"elementor-section elementor-top-section elementor-element elementor-element-9e1f360 elementor-section-stretched elementor-section-boxed elementor-section-height-default elementor-section-height-default wpr-particle-no wpr-jarallax-no wpr-parallax-no wpr-sticky-section-no\" data-id=\"9e1f360\" data-element_type=\"section\" id=\"absolventen\" data-settings=\"{&quot;stretch_section&quot;:&quot;section-stretched&quot;,&quot;background_background&quot;:&quot;classic&quot;}\">\n\t\t\t\t\t\t\t<div class=\"elementor-background-overlay\"><\/div>\n\t\t\t\t\t\t\t<div class=\"elementor-container elementor-column-gap-default\">\n\t\t\t\t\t<div class=\"elementor-column elementor-col-50 elementor-top-column elementor-element elementor-element-4e593d0\" data-id=\"4e593d0\" data-element_type=\"column\">\n\t\t\t<div class=\"elementor-widget-wrap elementor-element-populated\">\n\t\t\t\t\t\t\t\t<div class=\"elementor-element elementor-element-e745673 elementor-widget elementor-widget-spacer\" data-id=\"e745673\" data-element_type=\"widget\" data-widget_type=\"spacer.default\">\n\t\t\t\t<div class=\"elementor-widget-container\">\n\t\t\t\t\t<div class=\"elementor-spacer\">\n\t\t\t<div class=\"elementor-spacer-inner\"><\/div>\n\t\t<\/div>\n\t\t\t\t<\/div>\n\t\t\t\t<\/div>\n\t\t\t\t<div class=\"elementor-element elementor-element-0cf2802 elementor-widget elementor-widget-section_title\" data-id=\"0cf2802\" data-element_type=\"widget\" data-widget_type=\"section_title.default\">\n\t\t\t\t<div class=\"elementor-widget-container\">\n\t\t\t\r\n\r\n\r\n\r\n<div class=\"pt-section-title-box \">   \r\n   \t\t<span class=\"pt-section-sub-title\">\u00c9tudiants<\/span>     \t<h3 class=\"pt-section-title\">M\u00e9moires de bachelor \/ master \/ \u00e9tudiants salari\u00e9s (h\/f\/d)<\/h3>     \t<p class=\"pt-section-description\">   \r\n<\/div>\t\t<\/div>\n\t\t\t\t<\/div>\n\t\t\t\t<div class=\"elementor-element elementor-element-dc651d2 elementor-widget elementor-widget-text-editor\" data-id=\"dc651d2\" data-element_type=\"widget\" data-widget_type=\"text-editor.default\">\n\t\t\t\t<div class=\"elementor-widget-container\">\n\t\t\t\t\t\t\t<ul>\n<li>Poste d&#8217;\u00e9tudiant ou travail de fin d&#8217;\u00e9tudes dans le domaine de la conception et de l&#8217;impl\u00e9mentation d&#8217;applications web modernes<\/li>\n<\/ul>\n\t\t\t\t\t\t<\/div>\n\t\t\t\t<\/div>\n\t\t\t\t<div class=\"elementor-element elementor-element-3650c3d elementor-invisible elementor-widget elementor-widget-Button\" data-id=\"3650c3d\" data-element_type=\"widget\" data-settings=\"{&quot;_animation&quot;:&quot;fadeInUp&quot;}\" data-widget_type=\"Button.default\">\n\t\t\t\t<div class=\"elementor-widget-container\">\n\t\t\t<div class=\"pt-btn-container\">\r\n    <div class=\"pt-button-block\">\r\n\t\t\t<a class=\"pt-button pt-btn-flat\" href=\"https:\/\/www.conigon.com\/student\/\">\r\n\r\n\t\t\t<span class=\"text\">Savoir plus<\/span>\r\n            <span class=\"pt-button-line-left\"><\/span>\r\n\t\t\t<\/a>\r\n    <\/div>  \r\n\r\n<\/div>\r\n\t\t<\/div>\n\t\t\t\t<\/div>\n\t\t\t\t\t<\/div>\n\t\t<\/div>\n\t\t\t\t<div class=\"elementor-column elementor-col-50 elementor-top-column elementor-element elementor-element-8d8d12b\" data-id=\"8d8d12b\" data-element_type=\"column\">\n\t\t\t<div class=\"elementor-widget-wrap elementor-element-populated\">\n\t\t\t\t\t\t\t\t<div class=\"elementor-element elementor-element-996c3cd elementor-invisible elementor-widget elementor-widget-image\" data-id=\"996c3cd\" data-element_type=\"widget\" data-settings=\"{&quot;_animation&quot;:&quot;fadeInRight&quot;}\" data-widget_type=\"image.default\">\n\t\t\t\t<div class=\"elementor-widget-container\">\n\t\t\t\t\t\t\t\t\t\t\t\t\t\t\t<img loading=\"lazy\" decoding=\"async\" width=\"525\" height=\"612\" src=\"https:\/\/www.conigon.com\/wp-content\/uploads\/2025\/01\/student_neu.jpg\" class=\"attachment-large size-large wp-image-13128\" alt=\"\" srcset=\"https:\/\/www.conigon.com\/wp-content\/uploads\/2025\/01\/student_neu.jpg 800w, https:\/\/www.conigon.com\/wp-content\/uploads\/2025\/01\/student_neu-258x300.jpg 258w, https:\/\/www.conigon.com\/wp-content\/uploads\/2025\/01\/student_neu-768x895.jpg 768w\" sizes=\"auto, (max-width: 525px) 100vw, 525px\" \/>\t\t\t\t\t\t\t\t\t\t\t\t\t\t\t<\/div>\n\t\t\t\t<\/div>\n\t\t\t\t\t<\/div>\n\t\t<\/div>\n\t\t\t\t\t\t\t<\/div>\n\t\t<\/section>\n\t\t\t\t\t\t\t<\/div>\n\t\t","protected":false},"excerpt":{"rendered":"<p>Offres d&#039;emploi actuelles chez CONIGON CONIGON grandit. Nous recherchons des collaborateurs engag\u00e9s qui grandissent avec Conigon. Envoyez votre candidature spontan\u00e9e \u00e0 bewerbung@conigon.com.Des horaires de travail flexibles, le t\u00e9l\u00e9travail et la possibilit\u00e9 de concilier vie professionnelle et vie familiale sont pour nous une \u00e9vidence. Professionels exp\u00e9riment\u00e9s Offres d&#039;emploi pour d\u00e9butants\/professionnels exp\u00e9riment\u00e9s (h\/f\/d) Conseiller en eCommerce (h\/f\/d) Savoir plus \u00c9tudiants M\u00e9moires de bachelor \/ master \/ \u00e9tudiants salari\u00e9s (h\/f\/d) Poste d&#8217;\u00e9tudiant ou travail de fin d&#8217;\u00e9tudes dans le domaine de la conception et de l&#8217;impl\u00e9mentation d&#8217;applications web modernes Savoir plus<\/p>\n","protected":false},"author":1,"featured_media":0,"parent":0,"menu_order":0,"comment_status":"closed","ping_status":"closed","template":"","meta":{"_monsterinsights_skip_tracking":false,"_monsterinsights_sitenote_active":false,"_monsterinsights_sitenote_note":"","_monsterinsights_sitenote_category":0,"footnotes":""},"class_list":["post-13467","page","type-page","status-publish","hentry"],"acf":[],"yoast_head":"<!-- This site is optimized with the Yoast SEO plugin v25.4 - https:\/\/yoast.com\/wordpress\/plugins\/seo\/ -->\n<title>Offres d&#039;emploi chez Conigon Emplois et carri\u00e8re - Conigon<\/title>\n<meta name=\"description\" content=\"Commencez votre carri\u00e8re chez Conigon : emplois dans l&#039;informatique, d\u00e9veloppement de logiciels, conseil en commerce \u00e9lectronique et postes d&#039;\u00e9tudiants salari\u00e9s. N&#039;h\u00e9sitez pas \u00e0 postuler d\u00e8s maintenant !\" \/>\n<meta name=\"robots\" content=\"index, follow, max-snippet:-1, max-image-preview:large, max-video-preview:-1\" \/>\n<link rel=\"canonical\" href=\"https:\/\/www.conigon.com\/fr\/carriere\/\" \/>\n<meta property=\"og:locale\" content=\"fr_FR\" \/>\n<meta property=\"og:type\" content=\"article\" \/>\n<meta property=\"og:title\" content=\"Offres d&#039;emploi chez Conigon Emplois et carri\u00e8re - Conigon\" \/>\n<meta property=\"og:description\" content=\"Commencez votre carri\u00e8re chez Conigon : emplois dans l&#039;informatique, d\u00e9veloppement de logiciels, conseil en commerce \u00e9lectronique et postes d&#039;\u00e9tudiants salari\u00e9s. N&#039;h\u00e9sitez pas \u00e0 postuler d\u00e8s maintenant !\" \/>\n<meta property=\"og:url\" content=\"https:\/\/www.conigon.com\/fr\/carriere\/\" \/>\n<meta property=\"og:site_name\" content=\"Conigon\" \/>\n<meta property=\"article:modified_time\" content=\"2025-08-13T11:34:13+00:00\" \/>\n<meta property=\"og:image\" content=\"https:\/\/www.conigon.com\/wp-content\/uploads\/2025\/01\/professional_neu.jpg\" \/>\n\t<meta property=\"og:image:width\" content=\"800\" \/>\n\t<meta property=\"og:image:height\" content=\"932\" \/>\n\t<meta property=\"og:image:type\" content=\"image\/jpeg\" \/>\n<meta name=\"twitter:card\" content=\"summary_large_image\" \/>\n<meta name=\"twitter:label1\" content=\"Dur\u00e9e de lecture estim\u00e9e\" \/>\n\t<meta name=\"twitter:data1\" content=\"1 minute\" \/>\n<script type=\"application\/ld+json\" class=\"yoast-schema-graph\">{\"@context\":\"https:\/\/schema.org\",\"@graph\":[{\"@type\":\"WebPage\",\"@id\":\"https:\/\/www.conigon.com\/fr\/carriere\/\",\"url\":\"https:\/\/www.conigon.com\/fr\/carriere\/\",\"name\":\"Offres d'emploi chez Conigon Emplois et carri\u00e8re - Conigon\",\"isPartOf\":{\"@id\":\"https:\/\/www.conigon.com\/fr\/#website\"},\"primaryImageOfPage\":{\"@id\":\"https:\/\/www.conigon.com\/fr\/carriere\/#primaryimage\"},\"image\":{\"@id\":\"https:\/\/www.conigon.com\/fr\/carriere\/#primaryimage\"},\"thumbnailUrl\":\"https:\/\/www.conigon.com\/wp-content\/uploads\/2025\/01\/professional_neu.jpg\",\"datePublished\":\"2025-02-03T14:31:20+00:00\",\"dateModified\":\"2025-08-13T11:34:13+00:00\",\"description\":\"Commencez votre carri\u00e8re chez Conigon : emplois dans l'informatique, d\u00e9veloppement de logiciels, conseil en commerce \u00e9lectronique et postes d'\u00e9tudiants salari\u00e9s. N'h\u00e9sitez pas \u00e0 postuler d\u00e8s maintenant !\",\"breadcrumb\":{\"@id\":\"https:\/\/www.conigon.com\/fr\/carriere\/#breadcrumb\"},\"inLanguage\":\"fr-FR\",\"potentialAction\":[{\"@type\":\"ReadAction\",\"target\":[\"https:\/\/www.conigon.com\/fr\/carriere\/\"]}]},{\"@type\":\"ImageObject\",\"inLanguage\":\"fr-FR\",\"@id\":\"https:\/\/www.conigon.com\/fr\/carriere\/#primaryimage\",\"url\":\"https:\/\/www.conigon.com\/wp-content\/uploads\/2025\/01\/professional_neu.jpg\",\"contentUrl\":\"https:\/\/www.conigon.com\/wp-content\/uploads\/2025\/01\/professional_neu.jpg\"},{\"@type\":\"BreadcrumbList\",\"@id\":\"https:\/\/www.conigon.com\/fr\/carriere\/#breadcrumb\",\"itemListElement\":[{\"@type\":\"ListItem\",\"position\":1,\"name\":\"Startseite\",\"item\":\"https:\/\/www.conigon.com\/fr\/\"},{\"@type\":\"ListItem\",\"position\":2,\"name\":\"Carri\u00e8re\"}]},{\"@type\":\"WebSite\",\"@id\":\"https:\/\/www.conigon.com\/fr\/#website\",\"url\":\"https:\/\/www.conigon.com\/fr\/\",\"name\":\"Conigon\",\"description\":\"Solutions eCommerce innovantes et \u00e0 la pointe de la technologie\u200c \u200c\",\"publisher\":{\"@id\":\"https:\/\/www.conigon.com\/fr\/#organization\"},\"alternateName\":\"Conigon GmbH\",\"potentialAction\":[{\"@type\":\"SearchAction\",\"target\":{\"@type\":\"EntryPoint\",\"urlTemplate\":\"https:\/\/www.conigon.com\/fr\/?s={search_term_string}\"},\"query-input\":{\"@type\":\"PropertyValueSpecification\",\"valueRequired\":true,\"valueName\":\"search_term_string\"}}],\"inLanguage\":\"fr-FR\"},{\"@type\":\"Organization\",\"@id\":\"https:\/\/www.conigon.com\/fr\/#organization\",\"name\":\"Conigon GmbH\",\"alternateName\":\"Conigon\",\"url\":\"https:\/\/www.conigon.com\/fr\/\",\"logo\":{\"@type\":\"ImageObject\",\"inLanguage\":\"fr-FR\",\"@id\":\"https:\/\/www.conigon.com\/fr\/#\/schema\/logo\/image\/\",\"url\":\"https:\/\/www.conigon.com\/wp-content\/uploads\/2022\/01\/favicon_conigon.png\",\"contentUrl\":\"https:\/\/www.conigon.com\/wp-content\/uploads\/2022\/01\/favicon_conigon.png\",\"width\":377,\"height\":377,\"caption\":\"Conigon GmbH\"},\"image\":{\"@id\":\"https:\/\/www.conigon.com\/fr\/#\/schema\/logo\/image\/\"},\"sameAs\":[\"https:\/\/de.linkedin.com\/company\/conigon-gmbh\"]}]}<\/script>\n<!-- \/ Yoast SEO plugin. -->","yoast_head_json":{"title":"Offres d'emploi chez Conigon Emplois et carri\u00e8re - Conigon","description":"Commencez votre carri\u00e8re chez Conigon : emplois dans l'informatique, d\u00e9veloppement de logiciels, conseil en commerce \u00e9lectronique et postes d'\u00e9tudiants salari\u00e9s. N'h\u00e9sitez pas \u00e0 postuler d\u00e8s maintenant !","robots":{"index":"index","follow":"follow","max-snippet":"max-snippet:-1","max-image-preview":"max-image-preview:large","max-video-preview":"max-video-preview:-1"},"canonical":"https:\/\/www.conigon.com\/fr\/carriere\/","og_locale":"fr_FR","og_type":"article","og_title":"Offres d'emploi chez Conigon Emplois et carri\u00e8re - Conigon","og_description":"Commencez votre carri\u00e8re chez Conigon : emplois dans l'informatique, d\u00e9veloppement de logiciels, conseil en commerce \u00e9lectronique et postes d'\u00e9tudiants salari\u00e9s. N'h\u00e9sitez pas \u00e0 postuler d\u00e8s maintenant !","og_url":"https:\/\/www.conigon.com\/fr\/carriere\/","og_site_name":"Conigon","article_modified_time":"2025-08-13T11:34:13+00:00","og_image":[{"width":800,"height":932,"url":"https:\/\/www.conigon.com\/wp-content\/uploads\/2025\/01\/professional_neu.jpg","type":"image\/jpeg"}],"twitter_card":"summary_large_image","twitter_misc":{"Dur\u00e9e de lecture estim\u00e9e":"1 minute"},"schema":{"@context":"https:\/\/schema.org","@graph":[{"@type":"WebPage","@id":"https:\/\/www.conigon.com\/fr\/carriere\/","url":"https:\/\/www.conigon.com\/fr\/carriere\/","name":"Offres d'emploi chez Conigon Emplois et carri\u00e8re - Conigon","isPartOf":{"@id":"https:\/\/www.conigon.com\/fr\/#website"},"primaryImageOfPage":{"@id":"https:\/\/www.conigon.com\/fr\/carriere\/#primaryimage"},"image":{"@id":"https:\/\/www.conigon.com\/fr\/carriere\/#primaryimage"},"thumbnailUrl":"https:\/\/www.conigon.com\/wp-content\/uploads\/2025\/01\/professional_neu.jpg","datePublished":"2025-02-03T14:31:20+00:00","dateModified":"2025-08-13T11:34:13+00:00","description":"Commencez votre carri\u00e8re chez Conigon : emplois dans l'informatique, d\u00e9veloppement de logiciels, conseil en commerce \u00e9lectronique et postes d'\u00e9tudiants salari\u00e9s. N'h\u00e9sitez pas \u00e0 postuler d\u00e8s maintenant !","breadcrumb":{"@id":"https:\/\/www.conigon.com\/fr\/carriere\/#breadcrumb"},"inLanguage":"fr-FR","potentialAction":[{"@type":"ReadAction","target":["https:\/\/www.conigon.com\/fr\/carriere\/"]}]},{"@type":"ImageObject","inLanguage":"fr-FR","@id":"https:\/\/www.conigon.com\/fr\/carriere\/#primaryimage","url":"https:\/\/www.conigon.com\/wp-content\/uploads\/2025\/01\/professional_neu.jpg","contentUrl":"https:\/\/www.conigon.com\/wp-content\/uploads\/2025\/01\/professional_neu.jpg"},{"@type":"BreadcrumbList","@id":"https:\/\/www.conigon.com\/fr\/carriere\/#breadcrumb","itemListElement":[{"@type":"ListItem","position":1,"name":"Startseite","item":"https:\/\/www.conigon.com\/fr\/"},{"@type":"ListItem","position":2,"name":"Carri\u00e8re"}]},{"@type":"WebSite","@id":"https:\/\/www.conigon.com\/fr\/#website","url":"https:\/\/www.conigon.com\/fr\/","name":"Conigon","description":"Solutions eCommerce innovantes et \u00e0 la pointe de la technologie\u200c \u200c","publisher":{"@id":"https:\/\/www.conigon.com\/fr\/#organization"},"alternateName":"Conigon GmbH","potentialAction":[{"@type":"SearchAction","target":{"@type":"EntryPoint","urlTemplate":"https:\/\/www.conigon.com\/fr\/?s={search_term_string}"},"query-input":{"@type":"PropertyValueSpecification","valueRequired":true,"valueName":"search_term_string"}}],"inLanguage":"fr-FR"},{"@type":"Organization","@id":"https:\/\/www.conigon.com\/fr\/#organization","name":"Conigon GmbH","alternateName":"Conigon","url":"https:\/\/www.conigon.com\/fr\/","logo":{"@type":"ImageObject","inLanguage":"fr-FR","@id":"https:\/\/www.conigon.com\/fr\/#\/schema\/logo\/image\/","url":"https:\/\/www.conigon.com\/wp-content\/uploads\/2022\/01\/favicon_conigon.png","contentUrl":"https:\/\/www.conigon.com\/wp-content\/uploads\/2022\/01\/favicon_conigon.png","width":377,"height":377,"caption":"Conigon GmbH"},"image":{"@id":"https:\/\/www.conigon.com\/fr\/#\/schema\/logo\/image\/"},"sameAs":["https:\/\/de.linkedin.com\/company\/conigon-gmbh"]}]}},"_links":{"self":[{"href":"https:\/\/www.conigon.com\/fr\/wp-json\/wp\/v2\/pages\/13467","targetHints":{"allow":["GET"]}}],"collection":[{"href":"https:\/\/www.conigon.com\/fr\/wp-json\/wp\/v2\/pages"}],"about":[{"href":"https:\/\/www.conigon.com\/fr\/wp-json\/wp\/v2\/types\/page"}],"author":[{"embeddable":true,"href":"https:\/\/www.conigon.com\/fr\/wp-json\/wp\/v2\/users\/1"}],"replies":[{"embeddable":true,"href":"https:\/\/www.conigon.com\/fr\/wp-json\/wp\/v2\/comments?post=13467"}],"version-history":[{"count":11,"href":"https:\/\/www.conigon.com\/fr\/wp-json\/wp\/v2\/pages\/13467\/revisions"}],"predecessor-version":[{"id":14780,"href":"https:\/\/www.conigon.com\/fr\/wp-json\/wp\/v2\/pages\/13467\/revisions\/14780"}],"wp:attachment":[{"href":"https:\/\/www.conigon.com\/fr\/wp-json\/wp\/v2\/media?parent=13467"}],"curies":[{"name":"wp","href":"https:\/\/api.w.org\/{rel}","templated":true}]}}