{"id":10896,"date":"2022-08-25T10:54:36","date_gmt":"2022-08-25T08:54:36","guid":{"rendered":"https:\/\/www.conigon.com\/equipe\/"},"modified":"2025-08-07T11:13:22","modified_gmt":"2025-08-07T09:13:22","slug":"equipe","status":"publish","type":"page","link":"https:\/\/www.conigon.com\/fr\/equipe\/","title":{"rendered":"\u00c9quipe"},"content":{"rendered":"\t\t<div data-elementor-type=\"wp-page\" data-elementor-id=\"10896\" class=\"elementor elementor-10896 elementor-8524\">\n\t\t\t\t\t\t\t\t\t<section class=\"elementor-section elementor-top-section elementor-element elementor-element-240d07e elementor-section-stretched elementor-section-boxed elementor-section-height-default elementor-section-height-default wpr-particle-no wpr-jarallax-no wpr-parallax-no wpr-sticky-section-no\" data-id=\"240d07e\" data-element_type=\"section\" data-settings=\"{&quot;stretch_section&quot;:&quot;section-stretched&quot;}\">\n\t\t\t\t\t\t<div class=\"elementor-container elementor-column-gap-default\">\n\t\t\t\t\t<div class=\"elementor-column elementor-col-100 elementor-top-column elementor-element elementor-element-dfc572b\" data-id=\"dfc572b\" data-element_type=\"column\">\n\t\t\t<div class=\"elementor-widget-wrap elementor-element-populated\">\n\t\t\t\t\t\t\t\t<div class=\"elementor-element elementor-element-8d7b350 elementor-widget elementor-widget-section_title\" data-id=\"8d7b350\" data-element_type=\"widget\" data-widget_type=\"section_title.default\">\n\t\t\t\t<div class=\"elementor-widget-container\">\n\t\t\t\r\n\r\n\r\n\r\n<div class=\"pt-section-title-box text-center\">   \r\n   \t\t<span class=\"pt-section-sub-title\">Notre \u00e9quipe<\/span>     \t<h2 class=\"pt-section-title\">L&#039; \u00e9quipe CONIGON<\/h2>     \t   \r\n<\/div>\t\t<\/div>\n\t\t\t\t<\/div>\n\t\t\t\t<div class=\"elementor-element elementor-element-43b0cd3 elementor-widget elementor-widget-image\" data-id=\"43b0cd3\" data-element_type=\"widget\" data-widget_type=\"image.default\">\n\t\t\t\t<div class=\"elementor-widget-container\">\n\t\t\t<style>\/*! elementor - v3.17.0 - 08-11-2023 *\/\n.elementor-widget-image{text-align:center}.elementor-widget-image a{display:inline-block}.elementor-widget-image a img[src$=\".svg\"]{width:48px}.elementor-widget-image img{vertical-align:middle;display:inline-block}<\/style>\t\t\t\t\t\t\t\t\t\t\t\t<img loading=\"lazy\" decoding=\"async\" width=\"2048\" height=\"689\" src=\"https:\/\/www.conigon.com\/wp-content\/uploads\/2025\/07\/Conigon_Team_2025-2048x689.jpg\" class=\"attachment-2048x2048 size-2048x2048 wp-image-14550\" alt=\"\" srcset=\"https:\/\/www.conigon.com\/wp-content\/uploads\/2025\/07\/Conigon_Team_2025-2048x689.jpg 2048w, https:\/\/www.conigon.com\/wp-content\/uploads\/2025\/07\/Conigon_Team_2025-300x101.jpg 300w, https:\/\/www.conigon.com\/wp-content\/uploads\/2025\/07\/Conigon_Team_2025-1024x344.jpg 1024w, https:\/\/www.conigon.com\/wp-content\/uploads\/2025\/07\/Conigon_Team_2025-768x258.jpg 768w, https:\/\/www.conigon.com\/wp-content\/uploads\/2025\/07\/Conigon_Team_2025-1536x517.jpg 1536w\" sizes=\"auto, (max-width: 2048px) 100vw, 2048px\" \/>\t\t\t\t\t\t\t\t\t\t\t\t\t\t\t<\/div>\n\t\t\t\t<\/div>\n\t\t\t\t<div class=\"elementor-element elementor-element-88da85d elementor-widget elementor-widget-section_title\" data-id=\"88da85d\" data-element_type=\"widget\" data-widget_type=\"section_title.default\">\n\t\t\t\t<div class=\"elementor-widget-container\">\n\t\t\t\r\n\r\n\r\n\r\n<div class=\"pt-section-title-box \">   \r\n   \t\t     \t<h5 class=\"pt-section-title\"><\/h5>     \t<p class=\"pt-section-description\"><p style=\"font-weight: 400;\">Avec une \u00e9quipe comp\u00e9tente et multilingue qui travaille avec passion pour obtenir des r\u00e9sultats optimaux, nous veillons \u00e0 une vision globale des processus ainsi que des technologies pour une int\u00e9gration parfaite de votre solution de commerce \u00e9lectronique dans votre backend existant. Notre expertise particuli\u00e8re est l&#8217;int\u00e9gration de solutions PIM\/DAM innovantes. Notre avantage particulier est que nous venons de la pratique et que nous avons une longue exp\u00e9rience du point de vue du client. Nous ma\u00eetrisons aussi bien la gestion de projets internationaux que la gestion d&#8217;applications.    Chez Conigon, vous obtenez tous les services d&#8217;une seule main !<\/p>\n   \r\n<\/div>\t\t<\/div>\n\t\t\t\t<\/div>\n\t\t\t\t<div class=\"elementor-element elementor-element-c1b33b4 elementor-widget elementor-widget-Button\" data-id=\"c1b33b4\" data-element_type=\"widget\" data-widget_type=\"Button.default\">\n\t\t\t\t<div class=\"elementor-widget-container\">\n\t\t\t<div class=\"pt-btn-container\">\r\n    <div class=\"pt-button-block\">\r\n\t\t\t<a class=\"pt-button pt-btn-flat\" href=\"https:\/\/www.conigon.com\/fr\/contact\/\">\r\n\r\n\t\t\t<span class=\"text\">Prenez rendez-vous avec nous maintenant<\/span>\r\n            <span class=\"pt-button-line-left\"><\/span>\r\n\t\t\t<\/a>\r\n    <\/div>  \r\n\r\n<\/div>\r\n\t\t<\/div>\n\t\t\t\t<\/div>\n\t\t\t\t\t<\/div>\n\t\t<\/div>\n\t\t\t\t\t\t\t<\/div>\n\t\t<\/section>\n\t\t\t\t\t\t\t<\/div>\n\t\t","protected":false},"excerpt":{"rendered":"<p>Notre \u00e9quipe L&#039; \u00e9quipe CONIGON Avec une \u00e9quipe comp\u00e9tente et multilingue qui travaille avec passion pour obtenir des r\u00e9sultats optimaux, nous veillons \u00e0 une vision globale des processus ainsi que des technologies pour une int\u00e9gration parfaite de votre solution de commerce \u00e9lectronique dans votre backend existant. Notre expertise particuli\u00e8re est l&#8217;int\u00e9gration de solutions PIM\/DAM innovantes. Notre avantage particulier est que nous venons de la pratique et que nous avons une longue exp\u00e9rience du point de vue du client. Nous ma\u00eetrisons aussi bien la gestion de projets internationaux que la gestion d&#8217;applications. Chez Conigon, vous obtenez tous les services d&#8217;une seule main ! Prenez rendez-vous avec nous maintenant<\/p>\n","protected":false},"author":1,"featured_media":0,"parent":0,"menu_order":0,"comment_status":"closed","ping_status":"closed","template":"","meta":{"_monsterinsights_skip_tracking":false,"_monsterinsights_sitenote_active":false,"_monsterinsights_sitenote_note":"","_monsterinsights_sitenote_category":0,"footnotes":""},"class_list":["post-10896","page","type-page","status-publish","hentry"],"acf":[],"yoast_head":"<!-- This site is optimized with the Yoast SEO plugin v25.4 - https:\/\/yoast.com\/wordpress\/plugins\/seo\/ -->\n<title>Experts chevronn\u00e9s en commerce \u00e9lectronique pour PIM\/DAM et int\u00e9gration de syst\u00e8mes - Conigon<\/title>\n<meta name=\"description\" content=\"L&#039;\u00e9quipe Conigon : des experts multilingues en commerce \u00e9lectronique, PIM\/DAM et int\u00e9gration de syst\u00e8mes, dot\u00e9s d&#039;une exp\u00e9rience pratique et d&#039;une grande passion.\" \/>\n<meta name=\"robots\" content=\"index, follow, max-snippet:-1, max-image-preview:large, max-video-preview:-1\" \/>\n<link rel=\"canonical\" href=\"https:\/\/www.conigon.com\/fr\/equipe\/\" \/>\n<meta property=\"og:locale\" content=\"fr_FR\" \/>\n<meta property=\"og:type\" content=\"article\" \/>\n<meta property=\"og:title\" content=\"Experts chevronn\u00e9s en commerce \u00e9lectronique pour PIM\/DAM et int\u00e9gration de syst\u00e8mes - Conigon\" \/>\n<meta property=\"og:description\" content=\"L&#039;\u00e9quipe Conigon : des experts multilingues en commerce \u00e9lectronique, PIM\/DAM et int\u00e9gration de syst\u00e8mes, dot\u00e9s d&#039;une exp\u00e9rience pratique et d&#039;une grande passion.\" \/>\n<meta property=\"og:url\" content=\"https:\/\/www.conigon.com\/fr\/equipe\/\" \/>\n<meta property=\"og:site_name\" content=\"Conigon\" \/>\n<meta property=\"article:modified_time\" content=\"2025-08-07T09:13:22+00:00\" \/>\n<meta property=\"og:image\" content=\"https:\/\/www.conigon.com\/wp-content\/uploads\/2025\/07\/Conigon_Team_2025-scaled.jpg\" \/>\n\t<meta property=\"og:image:width\" content=\"2560\" \/>\n\t<meta property=\"og:image:height\" content=\"861\" \/>\n\t<meta property=\"og:image:type\" content=\"image\/jpeg\" \/>\n<meta name=\"twitter:card\" content=\"summary_large_image\" \/>\n<meta name=\"twitter:label1\" content=\"Dur\u00e9e de lecture estim\u00e9e\" \/>\n\t<meta name=\"twitter:data1\" content=\"1 minute\" \/>\n<script type=\"application\/ld+json\" class=\"yoast-schema-graph\">{\"@context\":\"https:\/\/schema.org\",\"@graph\":[{\"@type\":\"WebPage\",\"@id\":\"https:\/\/www.conigon.com\/fr\/equipe\/\",\"url\":\"https:\/\/www.conigon.com\/fr\/equipe\/\",\"name\":\"Experts chevronn\u00e9s en commerce \u00e9lectronique pour PIM\/DAM et int\u00e9gration de syst\u00e8mes - Conigon\",\"isPartOf\":{\"@id\":\"https:\/\/www.conigon.com\/fr\/#website\"},\"primaryImageOfPage\":{\"@id\":\"https:\/\/www.conigon.com\/fr\/equipe\/#primaryimage\"},\"image\":{\"@id\":\"https:\/\/www.conigon.com\/fr\/equipe\/#primaryimage\"},\"thumbnailUrl\":\"https:\/\/www.conigon.com\/wp-content\/uploads\/2025\/07\/Conigon_Team_2025-2048x689.jpg\",\"datePublished\":\"2022-08-25T08:54:36+00:00\",\"dateModified\":\"2025-08-07T09:13:22+00:00\",\"description\":\"L'\u00e9quipe Conigon : des experts multilingues en commerce \u00e9lectronique, PIM\/DAM et int\u00e9gration de syst\u00e8mes, dot\u00e9s d'une exp\u00e9rience pratique et d'une grande passion.\",\"breadcrumb\":{\"@id\":\"https:\/\/www.conigon.com\/fr\/equipe\/#breadcrumb\"},\"inLanguage\":\"fr-FR\",\"potentialAction\":[{\"@type\":\"ReadAction\",\"target\":[\"https:\/\/www.conigon.com\/fr\/equipe\/\"]}]},{\"@type\":\"ImageObject\",\"inLanguage\":\"fr-FR\",\"@id\":\"https:\/\/www.conigon.com\/fr\/equipe\/#primaryimage\",\"url\":\"https:\/\/www.conigon.com\/wp-content\/uploads\/2025\/07\/Conigon_Team_2025-2048x689.jpg\",\"contentUrl\":\"https:\/\/www.conigon.com\/wp-content\/uploads\/2025\/07\/Conigon_Team_2025-2048x689.jpg\"},{\"@type\":\"BreadcrumbList\",\"@id\":\"https:\/\/www.conigon.com\/fr\/equipe\/#breadcrumb\",\"itemListElement\":[{\"@type\":\"ListItem\",\"position\":1,\"name\":\"Startseite\",\"item\":\"https:\/\/www.conigon.com\/fr\/\"},{\"@type\":\"ListItem\",\"position\":2,\"name\":\"\u00c9quipe\"}]},{\"@type\":\"WebSite\",\"@id\":\"https:\/\/www.conigon.com\/fr\/#website\",\"url\":\"https:\/\/www.conigon.com\/fr\/\",\"name\":\"Conigon\",\"description\":\"Solutions eCommerce innovantes et \u00e0 la pointe de la technologie\u200c \u200c\",\"publisher\":{\"@id\":\"https:\/\/www.conigon.com\/fr\/#organization\"},\"alternateName\":\"Conigon GmbH\",\"potentialAction\":[{\"@type\":\"SearchAction\",\"target\":{\"@type\":\"EntryPoint\",\"urlTemplate\":\"https:\/\/www.conigon.com\/fr\/?s={search_term_string}\"},\"query-input\":{\"@type\":\"PropertyValueSpecification\",\"valueRequired\":true,\"valueName\":\"search_term_string\"}}],\"inLanguage\":\"fr-FR\"},{\"@type\":\"Organization\",\"@id\":\"https:\/\/www.conigon.com\/fr\/#organization\",\"name\":\"Conigon GmbH\",\"alternateName\":\"Conigon\",\"url\":\"https:\/\/www.conigon.com\/fr\/\",\"logo\":{\"@type\":\"ImageObject\",\"inLanguage\":\"fr-FR\",\"@id\":\"https:\/\/www.conigon.com\/fr\/#\/schema\/logo\/image\/\",\"url\":\"https:\/\/www.conigon.com\/wp-content\/uploads\/2022\/01\/favicon_conigon.png\",\"contentUrl\":\"https:\/\/www.conigon.com\/wp-content\/uploads\/2022\/01\/favicon_conigon.png\",\"width\":377,\"height\":377,\"caption\":\"Conigon GmbH\"},\"image\":{\"@id\":\"https:\/\/www.conigon.com\/fr\/#\/schema\/logo\/image\/\"},\"sameAs\":[\"https:\/\/de.linkedin.com\/company\/conigon-gmbh\"]}]}<\/script>\n<!-- \/ Yoast SEO plugin. -->","yoast_head_json":{"title":"Experts chevronn\u00e9s en commerce \u00e9lectronique pour PIM\/DAM et int\u00e9gration de syst\u00e8mes - Conigon","description":"L'\u00e9quipe Conigon : des experts multilingues en commerce \u00e9lectronique, PIM\/DAM et int\u00e9gration de syst\u00e8mes, dot\u00e9s d'une exp\u00e9rience pratique et d'une grande passion.","robots":{"index":"index","follow":"follow","max-snippet":"max-snippet:-1","max-image-preview":"max-image-preview:large","max-video-preview":"max-video-preview:-1"},"canonical":"https:\/\/www.conigon.com\/fr\/equipe\/","og_locale":"fr_FR","og_type":"article","og_title":"Experts chevronn\u00e9s en commerce \u00e9lectronique pour PIM\/DAM et int\u00e9gration de syst\u00e8mes - Conigon","og_description":"L'\u00e9quipe Conigon : des experts multilingues en commerce \u00e9lectronique, PIM\/DAM et int\u00e9gration de syst\u00e8mes, dot\u00e9s d'une exp\u00e9rience pratique et d'une grande passion.","og_url":"https:\/\/www.conigon.com\/fr\/equipe\/","og_site_name":"Conigon","article_modified_time":"2025-08-07T09:13:22+00:00","og_image":[{"width":2560,"height":861,"url":"https:\/\/www.conigon.com\/wp-content\/uploads\/2025\/07\/Conigon_Team_2025-scaled.jpg","type":"image\/jpeg"}],"twitter_card":"summary_large_image","twitter_misc":{"Dur\u00e9e de lecture estim\u00e9e":"1 minute"},"schema":{"@context":"https:\/\/schema.org","@graph":[{"@type":"WebPage","@id":"https:\/\/www.conigon.com\/fr\/equipe\/","url":"https:\/\/www.conigon.com\/fr\/equipe\/","name":"Experts chevronn\u00e9s en commerce \u00e9lectronique pour PIM\/DAM et int\u00e9gration de syst\u00e8mes - Conigon","isPartOf":{"@id":"https:\/\/www.conigon.com\/fr\/#website"},"primaryImageOfPage":{"@id":"https:\/\/www.conigon.com\/fr\/equipe\/#primaryimage"},"image":{"@id":"https:\/\/www.conigon.com\/fr\/equipe\/#primaryimage"},"thumbnailUrl":"https:\/\/www.conigon.com\/wp-content\/uploads\/2025\/07\/Conigon_Team_2025-2048x689.jpg","datePublished":"2022-08-25T08:54:36+00:00","dateModified":"2025-08-07T09:13:22+00:00","description":"L'\u00e9quipe Conigon : des experts multilingues en commerce \u00e9lectronique, PIM\/DAM et int\u00e9gration de syst\u00e8mes, dot\u00e9s d'une exp\u00e9rience pratique et d'une grande passion.","breadcrumb":{"@id":"https:\/\/www.conigon.com\/fr\/equipe\/#breadcrumb"},"inLanguage":"fr-FR","potentialAction":[{"@type":"ReadAction","target":["https:\/\/www.conigon.com\/fr\/equipe\/"]}]},{"@type":"ImageObject","inLanguage":"fr-FR","@id":"https:\/\/www.conigon.com\/fr\/equipe\/#primaryimage","url":"https:\/\/www.conigon.com\/wp-content\/uploads\/2025\/07\/Conigon_Team_2025-2048x689.jpg","contentUrl":"https:\/\/www.conigon.com\/wp-content\/uploads\/2025\/07\/Conigon_Team_2025-2048x689.jpg"},{"@type":"BreadcrumbList","@id":"https:\/\/www.conigon.com\/fr\/equipe\/#breadcrumb","itemListElement":[{"@type":"ListItem","position":1,"name":"Startseite","item":"https:\/\/www.conigon.com\/fr\/"},{"@type":"ListItem","position":2,"name":"\u00c9quipe"}]},{"@type":"WebSite","@id":"https:\/\/www.conigon.com\/fr\/#website","url":"https:\/\/www.conigon.com\/fr\/","name":"Conigon","description":"Solutions eCommerce innovantes et \u00e0 la pointe de la technologie\u200c \u200c","publisher":{"@id":"https:\/\/www.conigon.com\/fr\/#organization"},"alternateName":"Conigon GmbH","potentialAction":[{"@type":"SearchAction","target":{"@type":"EntryPoint","urlTemplate":"https:\/\/www.conigon.com\/fr\/?s={search_term_string}"},"query-input":{"@type":"PropertyValueSpecification","valueRequired":true,"valueName":"search_term_string"}}],"inLanguage":"fr-FR"},{"@type":"Organization","@id":"https:\/\/www.conigon.com\/fr\/#organization","name":"Conigon GmbH","alternateName":"Conigon","url":"https:\/\/www.conigon.com\/fr\/","logo":{"@type":"ImageObject","inLanguage":"fr-FR","@id":"https:\/\/www.conigon.com\/fr\/#\/schema\/logo\/image\/","url":"https:\/\/www.conigon.com\/wp-content\/uploads\/2022\/01\/favicon_conigon.png","contentUrl":"https:\/\/www.conigon.com\/wp-content\/uploads\/2022\/01\/favicon_conigon.png","width":377,"height":377,"caption":"Conigon GmbH"},"image":{"@id":"https:\/\/www.conigon.com\/fr\/#\/schema\/logo\/image\/"},"sameAs":["https:\/\/de.linkedin.com\/company\/conigon-gmbh"]}]}},"_links":{"self":[{"href":"https:\/\/www.conigon.com\/fr\/wp-json\/wp\/v2\/pages\/10896","targetHints":{"allow":["GET"]}}],"collection":[{"href":"https:\/\/www.conigon.com\/fr\/wp-json\/wp\/v2\/pages"}],"about":[{"href":"https:\/\/www.conigon.com\/fr\/wp-json\/wp\/v2\/types\/page"}],"author":[{"embeddable":true,"href":"https:\/\/www.conigon.com\/fr\/wp-json\/wp\/v2\/users\/1"}],"replies":[{"embeddable":true,"href":"https:\/\/www.conigon.com\/fr\/wp-json\/wp\/v2\/comments?post=10896"}],"version-history":[{"count":15,"href":"https:\/\/www.conigon.com\/fr\/wp-json\/wp\/v2\/pages\/10896\/revisions"}],"predecessor-version":[{"id":14555,"href":"https:\/\/www.conigon.com\/fr\/wp-json\/wp\/v2\/pages\/10896\/revisions\/14555"}],"wp:attachment":[{"href":"https:\/\/www.conigon.com\/fr\/wp-json\/wp\/v2\/media?parent=10896"}],"curies":[{"name":"wp","href":"https:\/\/api.w.org\/{rel}","templated":true}]}}