{"id":10873,"date":"2022-02-08T15:54:26","date_gmt":"2022-02-08T14:54:26","guid":{"rendered":"https:\/\/www.conigon.com\/contact\/"},"modified":"2025-08-06T11:52:57","modified_gmt":"2025-08-06T09:52:57","slug":"contact","status":"publish","type":"page","link":"https:\/\/www.conigon.com\/fr\/contact\/","title":{"rendered":"Contact"},"content":{"rendered":"\t\t<div data-elementor-type=\"wp-page\" data-elementor-id=\"10873\" class=\"elementor elementor-10873 elementor-6913\">\n\t\t\t\t\t\t\t\t\t<section class=\"elementor-section elementor-top-section elementor-element elementor-element-bbcc65d elementor-section-stretched elementor-section-boxed elementor-section-height-default elementor-section-height-default wpr-particle-no wpr-jarallax-no wpr-parallax-no wpr-sticky-section-no elementor-invisible\" data-id=\"bbcc65d\" data-element_type=\"section\" data-settings=\"{&quot;stretch_section&quot;:&quot;section-stretched&quot;,&quot;animation&quot;:&quot;fadeInRight&quot;}\">\n\t\t\t\t\t\t<div class=\"elementor-container elementor-column-gap-default\">\n\t\t\t\t\t<div class=\"elementor-column elementor-col-50 elementor-top-column elementor-element elementor-element-e58d2af\" data-id=\"e58d2af\" data-element_type=\"column\">\n\t\t\t<div class=\"elementor-widget-wrap elementor-element-populated\">\n\t\t\t\t\t\t\t\t<div class=\"elementor-element elementor-element-6985b43 e-transform e-transform elementor-invisible elementor-widget elementor-widget-image\" data-id=\"6985b43\" data-element_type=\"widget\" data-settings=\"{&quot;_animation&quot;:&quot;fadeInLeft&quot;,&quot;_transform_scale_effect&quot;:{&quot;unit&quot;:&quot;px&quot;,&quot;size&quot;:1.05,&quot;sizes&quot;:[]},&quot;_transform_translateX_effect&quot;:{&quot;unit&quot;:&quot;px&quot;,&quot;size&quot;:75,&quot;sizes&quot;:[]},&quot;_transform_translateX_effect_tablet&quot;:{&quot;unit&quot;:&quot;px&quot;,&quot;size&quot;:&quot;&quot;,&quot;sizes&quot;:[]},&quot;_transform_translateX_effect_mobile&quot;:{&quot;unit&quot;:&quot;px&quot;,&quot;size&quot;:&quot;&quot;,&quot;sizes&quot;:[]},&quot;_transform_translateY_effect&quot;:{&quot;unit&quot;:&quot;px&quot;,&quot;size&quot;:&quot;&quot;,&quot;sizes&quot;:[]},&quot;_transform_translateY_effect_tablet&quot;:{&quot;unit&quot;:&quot;px&quot;,&quot;size&quot;:&quot;&quot;,&quot;sizes&quot;:[]},&quot;_transform_translateY_effect_mobile&quot;:{&quot;unit&quot;:&quot;px&quot;,&quot;size&quot;:&quot;&quot;,&quot;sizes&quot;:[]},&quot;_transform_scale_effect_tablet&quot;:{&quot;unit&quot;:&quot;px&quot;,&quot;size&quot;:&quot;&quot;,&quot;sizes&quot;:[]},&quot;_transform_scale_effect_mobile&quot;:{&quot;unit&quot;:&quot;px&quot;,&quot;size&quot;:&quot;&quot;,&quot;sizes&quot;:[]}}\" data-widget_type=\"image.default\">\n\t\t\t\t<div class=\"elementor-widget-container\">\n\t\t\t<style>\/*! elementor - v3.17.0 - 08-11-2023 *\/\n.elementor-widget-image{text-align:center}.elementor-widget-image a{display:inline-block}.elementor-widget-image a img[src$=\".svg\"]{width:48px}.elementor-widget-image img{vertical-align:middle;display:inline-block}<\/style>\t\t\t\t\t\t\t\t\t\t\t\t<img loading=\"lazy\" decoding=\"async\" width=\"2560\" height=\"1709\" src=\"https:\/\/www.conigon.com\/wp-content\/uploads\/2025\/01\/pexels-moose-photos-170195-1036622-scaled.jpg\" class=\"attachment-full size-full wp-image-12659\" alt=\"\" srcset=\"https:\/\/www.conigon.com\/wp-content\/uploads\/2025\/01\/pexels-moose-photos-170195-1036622-scaled.jpg 2560w, https:\/\/www.conigon.com\/wp-content\/uploads\/2025\/01\/pexels-moose-photos-170195-1036622-300x200.jpg 300w, https:\/\/www.conigon.com\/wp-content\/uploads\/2025\/01\/pexels-moose-photos-170195-1036622-1024x684.jpg 1024w, https:\/\/www.conigon.com\/wp-content\/uploads\/2025\/01\/pexels-moose-photos-170195-1036622-768x513.jpg 768w, https:\/\/www.conigon.com\/wp-content\/uploads\/2025\/01\/pexels-moose-photos-170195-1036622-1536x1025.jpg 1536w, https:\/\/www.conigon.com\/wp-content\/uploads\/2025\/01\/pexels-moose-photos-170195-1036622-2048x1367.jpg 2048w\" sizes=\"auto, (max-width: 2560px) 100vw, 2560px\" \/>\t\t\t\t\t\t\t\t\t\t\t\t\t\t\t<\/div>\n\t\t\t\t<\/div>\n\t\t\t\t\t<\/div>\n\t\t<\/div>\n\t\t\t\t<div class=\"elementor-column elementor-col-50 elementor-top-column elementor-element elementor-element-4d9c27c\" data-id=\"4d9c27c\" data-element_type=\"column\">\n\t\t\t<div class=\"elementor-widget-wrap elementor-element-populated\">\n\t\t\t\t\t\t\t\t<div class=\"elementor-element elementor-element-be4c277 elementor-widget elementor-widget-myPt_Contact_Box\" data-id=\"be4c277\" data-element_type=\"widget\" data-widget_type=\"myPt_Contact_Box.default\">\n\t\t\t\t<div class=\"elementor-widget-container\">\n\t\t\t<div class=\"pt-contact-box pt-contact-box-1\">\r\n        <div class=\"pt-contact-box-info\">\r\n        \r\n        <h5 class=\"pt-contact-box-title\">Contactez-nous<\/h5>      \r\n        \r\n                <ul class=\"pt-contact-info\">\r\n              <li>\r\n                <span>\r\n\r\n                  <i class=\"fab fa-linkedin\"><\/i>\r\n                <span><\/span>\r\n                <\/span>\r\n            <\/li>\r\n            <li>\r\n                <span>\r\n                    <i class=\"fa fa-phone\"><\/i>\r\n                    <span>\r\n                        <a href=\"tel:T\u00e9l\u00e9phone:\">T\u00e9l\u00e9phone :<\/a>\r\n                        <a href=\"tel:+49068319619310\">+49 (0)6831 9619310<\/a>\r\n                    <\/span>\r\n                    \r\n                <\/span>                \r\n            <\/li>\r\n           \r\n            <li>\r\n                <span>\r\n                    <i class=\"fa fa-envelope\"><\/i>\r\n                    <span>\r\n                        <a href=\"mailto:E-mail:\">\r\n                            E-mail:\r\n                        <\/a>\r\n                         <a href=\"mailto:info@conigon.com\">\r\n                            info@conigon.com                        <\/a>\r\n                    <\/span>\r\n                    \r\n                <\/span>\r\n            <\/li>\r\n           \r\n          \r\n\r\n        <\/ul>\r\n        \r\n    <\/div>\r\n<\/div>\r\n\r\n\t\t<\/div>\n\t\t\t\t<\/div>\n\t\t\t\t<div class=\"elementor-element elementor-element-4ad2a74 elementor-widget elementor-widget-html\" data-id=\"4ad2a74\" data-element_type=\"widget\" data-widget_type=\"html.default\">\n\t\t\t\t<div class=\"elementor-widget-container\">\n\t\t\t<div class=\"custom-link-container\"><a href=\"https:\/\/de.linkedin.com\/company\/conigon-gmbh\" class=\"custom-link\" target=\"_blank\" rel=\"noopener noreferrer\">LinkedIn<\/a><\/div><style>\/* Standard-Linkfarbe *\/\n.custom-link {\n    color: #0B2E3A; \/* Standardfarbe f\u00fcr den Link *\/\n\n    font: Nunito;\n    font-size: 16px;\n    font-weight: 430;\n}\n\n.custom-link:hover{\n    color: inherit;\n    background-color: inherit;\n    transform: none;\n}\n\n.custom-link:visited{\n    color: inherit;\n    transform: none;\n    text-decoration: none;\n}\n\n<\/style>\t\t<\/div>\n\t\t\t\t<\/div>\n\t\t\t\t\t<\/div>\n\t\t<\/div>\n\t\t\t\t\t\t\t<\/div>\n\t\t<\/section>\n\t\t\t\t<section class=\"elementor-section elementor-top-section elementor-element elementor-element-d9fc2ba elementor-section-stretched elementor-section-boxed elementor-section-height-default elementor-section-height-default wpr-particle-no wpr-jarallax-no wpr-parallax-no wpr-sticky-section-no\" data-id=\"d9fc2ba\" data-element_type=\"section\" data-settings=\"{&quot;stretch_section&quot;:&quot;section-stretched&quot;}\">\n\t\t\t\t\t\t<div class=\"elementor-container elementor-column-gap-default\">\n\t\t\t\t\t<div class=\"elementor-column elementor-col-100 elementor-top-column elementor-element elementor-element-5b39906\" data-id=\"5b39906\" data-element_type=\"column\">\n\t\t\t<div class=\"elementor-widget-wrap elementor-element-populated\">\n\t\t\t\t\t\t\t\t<div class=\"elementor-element elementor-element-32d77f2 elementor-widget elementor-widget-section_title\" data-id=\"32d77f2\" data-element_type=\"widget\" data-widget_type=\"section_title.default\">\n\t\t\t\t<div class=\"elementor-widget-container\">\n\t\t\t\r\n\r\n\r\n\r\n<div class=\"pt-section-title-box \">   \r\n   \t\t<span class=\"pt-section-sub-title\"><\/span>     \t<h2 class=\"pt-section-title\">Envoyer un message:<\/h2>     \t<p class=\"pt-section-description\"><p>N&#8217;h\u00e9sitez pas \u00e0 nous contacter pour toute information compl\u00e9mentaire ou question. Ma\u00eetrisons ensemble vos projets de commerce \u00e9lectronique ! <\/p>\n   \r\n<\/div>\t\t<\/div>\n\t\t\t\t<\/div>\n\t\t\t\t<div class=\"elementor-element elementor-element-628c702 elementor-widget elementor-widget-wpforms\" data-id=\"628c702\" data-element_type=\"widget\" data-widget_type=\"wpforms.default\">\n\t\t\t\t<div class=\"elementor-widget-container\">\n\t\t\t<div class=\"wpforms-container wpforms-container-full\" id=\"wpforms-6922\"><form id=\"wpforms-form-6922\" class=\"wpforms-validate wpforms-form wpforms-ajax-form\" data-formid=\"6922\" method=\"post\" enctype=\"multipart\/form-data\" action=\"\/fr\/wp-json\/wp\/v2\/pages\/10873\" data-token=\"2da5eeabd9211c815b6506e138d1df3b\"><noscript class=\"wpforms-error-noscript\">Veuillez activer JavaScript dans votre navigateur pour remplir ce formulaire.<\/noscript><div class=\"wpforms-field-container\"><div id=\"wpforms-6922-field_2-container\" class=\"wpforms-field wpforms-field-name\" data-field-id=\"2\"><label class=\"wpforms-field-label\" for=\"wpforms-6922-field_2\">Nom <span class=\"wpforms-required-label\">*<\/span><\/label><div class=\"wpforms-field-row wpforms-field-medium\"><div class=\"wpforms-field-row-block wpforms-first wpforms-one-half\"><input type=\"text\" id=\"wpforms-6922-field_2\" class=\"wpforms-field-name-first wpforms-field-required\" name=\"wpforms[fields][2][first]\" required><label for=\"wpforms-6922-field_2\" class=\"wpforms-field-sublabel after \">Pr\u00e9nom<\/label><\/div><div class=\"wpforms-field-row-block wpforms-one-half\"><input type=\"text\" id=\"wpforms-6922-field_2-last\" class=\"wpforms-field-name-last wpforms-field-required\" name=\"wpforms[fields][2][last]\" required><label for=\"wpforms-6922-field_2-last\" class=\"wpforms-field-sublabel after \">Nom<\/label><\/div><\/div><\/div><div id=\"wpforms-6922-field_1-container\" class=\"wpforms-field wpforms-field-email\" data-field-id=\"1\"><label class=\"wpforms-field-label\" for=\"wpforms-6922-field_1\">E-Mail <span class=\"wpforms-required-label\">*<\/span><\/label><input type=\"email\" id=\"wpforms-6922-field_1\" class=\"wpforms-field-medium wpforms-field-required\" name=\"wpforms[fields][1]\" spellcheck=\"false\" required><\/div><div id=\"wpforms-6922-field_3-container\" class=\"wpforms-field wpforms-field-text\" data-field-id=\"3\"><label class=\"wpforms-field-label\" for=\"wpforms-6922-field_3\">Entreprise<\/label><input type=\"text\" id=\"wpforms-6922-field_3\" class=\"wpforms-field-medium\" name=\"wpforms[fields][3]\" ><\/div><div id=\"wpforms-6922-field_10-container\" class=\"wpforms-field wpforms-field-textarea\" data-field-id=\"10\"><label class=\"wpforms-field-label\" for=\"wpforms-6922-field_10\">Message <span class=\"wpforms-required-label\">*<\/span><\/label><textarea id=\"wpforms-6922-field_10\" class=\"wpforms-field-medium wpforms-field-required wpforms-limit-characters-enabled\" data-form-id=\"6922\" data-field-id=\"10\" data-text-limit=\"1000\" name=\"wpforms[fields][10]\" maxlength=\"1000\" required><\/textarea><\/div><\/div><!-- .wpforms-field-container --><div class=\"wpforms-recaptcha-container wpforms-is-hcaptcha\" ><div class=\"g-recaptcha\" data-sitekey=\"d5ef4fec-791e-47d3-9901-8ac779a4b5d8\"><\/div><input type=\"text\" name=\"g-recaptcha-hidden\" class=\"wpforms-recaptcha-hidden\" style=\"position:absolute!important;clip:rect(0,0,0,0)!important;height:1px!important;width:1px!important;border:0!important;overflow:hidden!important;padding:0!important;margin:0!important;\" data-rule-hcaptcha=\"1\"><\/div><div class=\"wpforms-submit-container\" ><input type=\"hidden\" name=\"wpforms[id]\" value=\"6922\"><input type=\"hidden\" name=\"wpforms[author]\" value=\"1\"><button type=\"submit\" name=\"wpforms[submit]\" id=\"wpforms-submit-6922\" class=\"wpforms-submit\" data-alt-text=\"Senden\u2026\" data-submit-text=\"Envoyer\" aria-live=\"assertive\" value=\"wpforms-submit\">Envoyer<\/button><img loading=\"lazy\" decoding=\"async\" src=\"https:\/\/www.conigon.com\/wp-content\/plugins\/wpforms-lite\/assets\/images\/submit-spin.svg\" class=\"wpforms-submit-spinner\" style=\"display: none;\" width=\"26\" height=\"26\" alt=\"Chargement en cours\"><\/div><\/form><\/div>  <!-- .wpforms-container -->\t\t<\/div>\n\t\t\t\t<\/div>\n\t\t\t\t\t<\/div>\n\t\t<\/div>\n\t\t\t\t\t\t\t<\/div>\n\t\t<\/section>\n\t\t\t\t\t\t\t<\/div>\n\t\t","protected":false},"excerpt":{"rendered":"<p>Contactez-nous T\u00e9l\u00e9phone : +49 (0)6831 9619310 E-mail: info@conigon.com LinkedIn Envoyer un message: N&#8217;h\u00e9sitez pas \u00e0 nous contacter pour toute information compl\u00e9mentaire ou question. Ma\u00eetrisons ensemble vos projets de commerce \u00e9lectronique ! Bitte aktiviere JavaScript in deinem Browser, um dieses Formular fertigzustellen.Name *VornameNachnameE-Mail *FirmaNachricht *Absenden<\/p>\n","protected":false},"author":1,"featured_media":0,"parent":0,"menu_order":0,"comment_status":"closed","ping_status":"closed","template":"","meta":{"_monsterinsights_skip_tracking":false,"_monsterinsights_sitenote_active":false,"_monsterinsights_sitenote_note":"","_monsterinsights_sitenote_category":0,"footnotes":""},"class_list":["post-10873","page","type-page","status-publish","hentry"],"acf":[],"yoast_head":"<!-- This site is optimized with the Yoast SEO plugin v25.4 - https:\/\/yoast.com\/wordpress\/plugins\/seo\/ -->\n<title>Conigon - Contactez-nous<\/title>\n<meta name=\"description\" content=\"Pour toute question compl\u00e9mentaire concernant nos prestations ou le Conigon ADIB, n&#039;h\u00e9sitez pas \u00e0 nous contacter d\u00e8s maintenant. Nous nous ferons un plaisir de vous aider.\" \/>\n<meta name=\"robots\" content=\"index, follow, max-snippet:-1, max-image-preview:large, max-video-preview:-1\" \/>\n<link rel=\"canonical\" href=\"https:\/\/www.conigon.com\/fr\/contact\/\" \/>\n<meta property=\"og:locale\" content=\"fr_FR\" \/>\n<meta property=\"og:type\" content=\"article\" \/>\n<meta property=\"og:title\" content=\"Conigon - Contactez-nous\" \/>\n<meta property=\"og:description\" content=\"Pour toute question compl\u00e9mentaire concernant nos prestations ou le Conigon ADIB, n&#039;h\u00e9sitez pas \u00e0 nous contacter d\u00e8s maintenant. Nous nous ferons un plaisir de vous aider.\" \/>\n<meta property=\"og:url\" content=\"https:\/\/www.conigon.com\/fr\/contact\/\" \/>\n<meta property=\"og:site_name\" content=\"Conigon\" \/>\n<meta property=\"article:modified_time\" content=\"2025-08-06T09:52:57+00:00\" \/>\n<meta property=\"og:image\" content=\"https:\/\/www.conigon.com\/wp-content\/uploads\/2025\/01\/pexels-moose-photos-170195-1036622-scaled.jpg\" \/>\n\t<meta property=\"og:image:width\" content=\"2560\" \/>\n\t<meta property=\"og:image:height\" content=\"1709\" \/>\n\t<meta property=\"og:image:type\" content=\"image\/jpeg\" \/>\n<meta name=\"twitter:card\" content=\"summary_large_image\" \/>\n<script type=\"application\/ld+json\" class=\"yoast-schema-graph\">{\"@context\":\"https:\/\/schema.org\",\"@graph\":[{\"@type\":\"WebPage\",\"@id\":\"https:\/\/www.conigon.com\/fr\/contact\/\",\"url\":\"https:\/\/www.conigon.com\/fr\/contact\/\",\"name\":\"Conigon - Contactez-nous\",\"isPartOf\":{\"@id\":\"https:\/\/www.conigon.com\/fr\/#website\"},\"primaryImageOfPage\":{\"@id\":\"https:\/\/www.conigon.com\/fr\/contact\/#primaryimage\"},\"image\":{\"@id\":\"https:\/\/www.conigon.com\/fr\/contact\/#primaryimage\"},\"thumbnailUrl\":\"https:\/\/www.conigon.com\/wp-content\/uploads\/2025\/01\/pexels-moose-photos-170195-1036622-scaled.jpg\",\"datePublished\":\"2022-02-08T14:54:26+00:00\",\"dateModified\":\"2025-08-06T09:52:57+00:00\",\"description\":\"Pour toute question compl\u00e9mentaire concernant nos prestations ou le Conigon ADIB, n'h\u00e9sitez pas \u00e0 nous contacter d\u00e8s maintenant. Nous nous ferons un plaisir de vous aider.\",\"breadcrumb\":{\"@id\":\"https:\/\/www.conigon.com\/fr\/contact\/#breadcrumb\"},\"inLanguage\":\"fr-FR\",\"potentialAction\":[{\"@type\":\"ReadAction\",\"target\":[\"https:\/\/www.conigon.com\/fr\/contact\/\"]}]},{\"@type\":\"ImageObject\",\"inLanguage\":\"fr-FR\",\"@id\":\"https:\/\/www.conigon.com\/fr\/contact\/#primaryimage\",\"url\":\"https:\/\/www.conigon.com\/wp-content\/uploads\/2025\/01\/pexels-moose-photos-170195-1036622-scaled.jpg\",\"contentUrl\":\"https:\/\/www.conigon.com\/wp-content\/uploads\/2025\/01\/pexels-moose-photos-170195-1036622-scaled.jpg\"},{\"@type\":\"BreadcrumbList\",\"@id\":\"https:\/\/www.conigon.com\/fr\/contact\/#breadcrumb\",\"itemListElement\":[{\"@type\":\"ListItem\",\"position\":1,\"name\":\"Startseite\",\"item\":\"https:\/\/www.conigon.com\/fr\/\"},{\"@type\":\"ListItem\",\"position\":2,\"name\":\"Contact\"}]},{\"@type\":\"WebSite\",\"@id\":\"https:\/\/www.conigon.com\/fr\/#website\",\"url\":\"https:\/\/www.conigon.com\/fr\/\",\"name\":\"Conigon\",\"description\":\"Solutions eCommerce innovantes et \u00e0 la pointe de la technologie\u200c \u200c\",\"publisher\":{\"@id\":\"https:\/\/www.conigon.com\/fr\/#organization\"},\"alternateName\":\"Conigon GmbH\",\"potentialAction\":[{\"@type\":\"SearchAction\",\"target\":{\"@type\":\"EntryPoint\",\"urlTemplate\":\"https:\/\/www.conigon.com\/fr\/?s={search_term_string}\"},\"query-input\":{\"@type\":\"PropertyValueSpecification\",\"valueRequired\":true,\"valueName\":\"search_term_string\"}}],\"inLanguage\":\"fr-FR\"},{\"@type\":\"Organization\",\"@id\":\"https:\/\/www.conigon.com\/fr\/#organization\",\"name\":\"Conigon GmbH\",\"alternateName\":\"Conigon\",\"url\":\"https:\/\/www.conigon.com\/fr\/\",\"logo\":{\"@type\":\"ImageObject\",\"inLanguage\":\"fr-FR\",\"@id\":\"https:\/\/www.conigon.com\/fr\/#\/schema\/logo\/image\/\",\"url\":\"https:\/\/www.conigon.com\/wp-content\/uploads\/2022\/01\/favicon_conigon.png\",\"contentUrl\":\"https:\/\/www.conigon.com\/wp-content\/uploads\/2022\/01\/favicon_conigon.png\",\"width\":377,\"height\":377,\"caption\":\"Conigon GmbH\"},\"image\":{\"@id\":\"https:\/\/www.conigon.com\/fr\/#\/schema\/logo\/image\/\"},\"sameAs\":[\"https:\/\/de.linkedin.com\/company\/conigon-gmbh\"]}]}<\/script>\n<!-- \/ Yoast SEO plugin. -->","yoast_head_json":{"title":"Conigon - Contactez-nous","description":"Pour toute question compl\u00e9mentaire concernant nos prestations ou le Conigon ADIB, n'h\u00e9sitez pas \u00e0 nous contacter d\u00e8s maintenant. Nous nous ferons un plaisir de vous aider.","robots":{"index":"index","follow":"follow","max-snippet":"max-snippet:-1","max-image-preview":"max-image-preview:large","max-video-preview":"max-video-preview:-1"},"canonical":"https:\/\/www.conigon.com\/fr\/contact\/","og_locale":"fr_FR","og_type":"article","og_title":"Conigon - Contactez-nous","og_description":"Pour toute question compl\u00e9mentaire concernant nos prestations ou le Conigon ADIB, n'h\u00e9sitez pas \u00e0 nous contacter d\u00e8s maintenant. Nous nous ferons un plaisir de vous aider.","og_url":"https:\/\/www.conigon.com\/fr\/contact\/","og_site_name":"Conigon","article_modified_time":"2025-08-06T09:52:57+00:00","og_image":[{"width":2560,"height":1709,"url":"https:\/\/www.conigon.com\/wp-content\/uploads\/2025\/01\/pexels-moose-photos-170195-1036622-scaled.jpg","type":"image\/jpeg"}],"twitter_card":"summary_large_image","schema":{"@context":"https:\/\/schema.org","@graph":[{"@type":"WebPage","@id":"https:\/\/www.conigon.com\/fr\/contact\/","url":"https:\/\/www.conigon.com\/fr\/contact\/","name":"Conigon - Contactez-nous","isPartOf":{"@id":"https:\/\/www.conigon.com\/fr\/#website"},"primaryImageOfPage":{"@id":"https:\/\/www.conigon.com\/fr\/contact\/#primaryimage"},"image":{"@id":"https:\/\/www.conigon.com\/fr\/contact\/#primaryimage"},"thumbnailUrl":"https:\/\/www.conigon.com\/wp-content\/uploads\/2025\/01\/pexels-moose-photos-170195-1036622-scaled.jpg","datePublished":"2022-02-08T14:54:26+00:00","dateModified":"2025-08-06T09:52:57+00:00","description":"Pour toute question compl\u00e9mentaire concernant nos prestations ou le Conigon ADIB, n'h\u00e9sitez pas \u00e0 nous contacter d\u00e8s maintenant. Nous nous ferons un plaisir de vous aider.","breadcrumb":{"@id":"https:\/\/www.conigon.com\/fr\/contact\/#breadcrumb"},"inLanguage":"fr-FR","potentialAction":[{"@type":"ReadAction","target":["https:\/\/www.conigon.com\/fr\/contact\/"]}]},{"@type":"ImageObject","inLanguage":"fr-FR","@id":"https:\/\/www.conigon.com\/fr\/contact\/#primaryimage","url":"https:\/\/www.conigon.com\/wp-content\/uploads\/2025\/01\/pexels-moose-photos-170195-1036622-scaled.jpg","contentUrl":"https:\/\/www.conigon.com\/wp-content\/uploads\/2025\/01\/pexels-moose-photos-170195-1036622-scaled.jpg"},{"@type":"BreadcrumbList","@id":"https:\/\/www.conigon.com\/fr\/contact\/#breadcrumb","itemListElement":[{"@type":"ListItem","position":1,"name":"Startseite","item":"https:\/\/www.conigon.com\/fr\/"},{"@type":"ListItem","position":2,"name":"Contact"}]},{"@type":"WebSite","@id":"https:\/\/www.conigon.com\/fr\/#website","url":"https:\/\/www.conigon.com\/fr\/","name":"Conigon","description":"Solutions eCommerce innovantes et \u00e0 la pointe de la technologie\u200c \u200c","publisher":{"@id":"https:\/\/www.conigon.com\/fr\/#organization"},"alternateName":"Conigon GmbH","potentialAction":[{"@type":"SearchAction","target":{"@type":"EntryPoint","urlTemplate":"https:\/\/www.conigon.com\/fr\/?s={search_term_string}"},"query-input":{"@type":"PropertyValueSpecification","valueRequired":true,"valueName":"search_term_string"}}],"inLanguage":"fr-FR"},{"@type":"Organization","@id":"https:\/\/www.conigon.com\/fr\/#organization","name":"Conigon GmbH","alternateName":"Conigon","url":"https:\/\/www.conigon.com\/fr\/","logo":{"@type":"ImageObject","inLanguage":"fr-FR","@id":"https:\/\/www.conigon.com\/fr\/#\/schema\/logo\/image\/","url":"https:\/\/www.conigon.com\/wp-content\/uploads\/2022\/01\/favicon_conigon.png","contentUrl":"https:\/\/www.conigon.com\/wp-content\/uploads\/2022\/01\/favicon_conigon.png","width":377,"height":377,"caption":"Conigon GmbH"},"image":{"@id":"https:\/\/www.conigon.com\/fr\/#\/schema\/logo\/image\/"},"sameAs":["https:\/\/de.linkedin.com\/company\/conigon-gmbh"]}]}},"_links":{"self":[{"href":"https:\/\/www.conigon.com\/fr\/wp-json\/wp\/v2\/pages\/10873","targetHints":{"allow":["GET"]}}],"collection":[{"href":"https:\/\/www.conigon.com\/fr\/wp-json\/wp\/v2\/pages"}],"about":[{"href":"https:\/\/www.conigon.com\/fr\/wp-json\/wp\/v2\/types\/page"}],"author":[{"embeddable":true,"href":"https:\/\/www.conigon.com\/fr\/wp-json\/wp\/v2\/users\/1"}],"replies":[{"embeddable":true,"href":"https:\/\/www.conigon.com\/fr\/wp-json\/wp\/v2\/comments?post=10873"}],"version-history":[{"count":9,"href":"https:\/\/www.conigon.com\/fr\/wp-json\/wp\/v2\/pages\/10873\/revisions"}],"predecessor-version":[{"id":14745,"href":"https:\/\/www.conigon.com\/fr\/wp-json\/wp\/v2\/pages\/10873\/revisions\/14745"}],"wp:attachment":[{"href":"https:\/\/www.conigon.com\/fr\/wp-json\/wp\/v2\/media?parent=10873"}],"curies":[{"name":"wp","href":"https:\/\/api.w.org\/{rel}","templated":true}]}}